{"id":1869,"date":"2023-07-25T19:08:26","date_gmt":"2023-07-25T19:08:26","guid":{"rendered":"https:\/\/golden-outlet.de\/?page_id=1869"},"modified":"2025-09-27T13:17:25","modified_gmt":"2025-09-27T11:17:25","slug":"agb","status":"publish","type":"page","link":"https:\/\/golden-outlet.de\/en\/agb\/","title":{"rendered":"Terms and Conditions"},"content":{"rendered":"<div data-elementor-type=\"wp-page\" data-elementor-id=\"1869\" class=\"elementor elementor-1869\" wpc-filter-elementor-widget=\"1\" data-elementor-post-type=\"page\">\n\t\t\t\t\t\t<section class=\"wd-negative-gap elementor-section elementor-top-section elementor-element elementor-element-130d0753 elementor-section-boxed elementor-section-height-default elementor-section-height-default\" data-id=\"130d0753\" data-element_type=\"section\" data-e-type=\"section\">\n\t\t\t\t\t\t<div class=\"elementor-container elementor-column-gap-default\">\n\t\t\t\t\t<div class=\"elementor-column elementor-col-100 elementor-top-column elementor-element elementor-element-71988ef4\" data-id=\"71988ef4\" data-element_type=\"column\" data-e-type=\"column\">\n\t\t\t<div class=\"elementor-widget-wrap elementor-element-populated\">\n\t\t\t\t\t\t<div class=\"elementor-element elementor-element-a9d87f6 color-scheme-inherit text-left elementor-widget elementor-widget-text-editor\" data-id=\"a9d87f6\" data-element_type=\"widget\" data-e-type=\"widget\" data-widget_type=\"text-editor.default\">\n\t\t\t\t<div class=\"elementor-widget-container\">\n\t\t\t\t\t\t\t\t\t<h3><strong>General Terms and Conditions (AGB)<\/strong><\/h3><h3>1. scope of application<\/h3><p>These General Terms and Conditions (GTC) apply to all orders placed by consumers and entrepreneurs (hereinafter referred to as \"customer\" or \"you\") via our online store on the website <a href=\"https:\/\/golden-outlet.de\/en\/\" target=\"_new\" rel=\"noopener\">Golden-Outlet.com<\/a> to operate.<\/p><h3>2nd contract partner<\/h3><p>The purchase contract is concluded with:<\/p><p>T.D.C. Wholesale Fashion<br \/>719 E 14th St<br \/>Los Angeles<br \/>CA 90021<br \/>USA<\/p><h3>3. conclusion of contract<\/h3><p>By submitting an order via our online store, you are making a binding offer to conclude a purchase contract. The purchase contract is concluded when we accept your order by sending you an order confirmation by e-mail.<\/p><h3>4. right of withdrawal<\/h3><p>Consumers have a statutory right of withdrawal. You can find the exact conditions in our <a href=\"https:\/\/golden-outlet.de\/en\/versand-ruckgabe\/\">Cancellation policy<\/a>.<\/p><h3>5. prices and shipping costs<\/h3><p>All prices include the statutory value added tax. In addition to the prices quoted, we charge shipping costs for delivery. The shipping costs are clearly communicated to you in the shopping cart system and on the order page.<\/p><h3>6. delivery<\/h3><p>Delivery takes place within Germany and to the countries specified by us. Please refer to the respective product pages for delivery times.<\/p><h3>7. payment<\/h3><p>The following payment methods are available:<\/p><ul><li>PayPal<\/li><li>Credit card (Visa, MasterCard)<\/li><li>Bank transfer<\/li><li>Other payment methods, if offered<\/li><\/ul><h3>8. reservation of title<\/h3><p>The goods remain our property until the purchase price has been paid in full.<\/p><h3>9. liability for defects and warranty<\/h3><p>The statutory warranty rights apply. Statutory warranty rights apply to all goods from our store.<\/p><h3>10. data protection<\/h3><p>You can find information on data protection in our <a href=\"https:\/\/golden-outlet.de\/en\/datenschutz\/\">Privacy policy<\/a>.<\/p><h3>11 Applicable law and place of jurisdiction<\/h3><p>The law of the Federal Republic of Germany shall apply to the exclusion of the UN Convention on Contracts for the International Sale of Goods. For merchants, legal entities under public law or special funds under public law, the place of jurisdiction is our registered office.<\/p><h3>12. dispute resolution<\/h3><p>The European Commission provides a platform for online dispute resolution (OS), which you can find here: <a href=\"https:\/\/ec.europa.eu\/consumers\/odr\/\" target=\"_new\" rel=\"noopener\">https:\/\/ec.europa.eu\/consumers\/odr\/<\/a>. We are not obliged or willing to participate in dispute resolution proceedings before a consumer arbitration board.<\/p><h3>13. final provisions<\/h3><p>Should individual provisions of these GTC be or become invalid, the validity of the remaining provisions shall remain unaffected. The relevant statutory provisions shall apply in place of the invalid provision.<\/p><h5><strong data-start=\"0\" data-end=\"31\" data-is-only-node=\"\">\u2757Resale Restriction:\u2757<\/strong><\/h5><h5 class=\"translation-block\">In order to comply with our suppliers' requirements, these products are not intended for resale. They are for personal use only, and any attempt to resell these items may violate agreements with our suppliers.<\/h5><p><!-- \/wp:paragraph --><\/p>\t\t\t\t\t\t\t\t<\/div>\n\t\t\t\t<\/div>\n\t\t\t\t\t<\/div>\n\t\t<\/div>\n\t\t\t\t\t<\/div>\n\t\t<\/section>\n\t\t\t\t<\/div>","protected":false},"excerpt":{"rendered":"<p>Allgemeine Gesch\u00e4ftsbedingungen (AGB) 1. Geltungsbereich Diese Allgemeinen Gesch\u00e4ftsbedingungen (AGB) gelten f\u00fcr alle Bestellungen, die Verbraucher und Unternehmer (nachfolgend &#8222;Kunde&#8220; oder<\/p>","protected":false},"author":1,"featured_media":0,"parent":0,"menu_order":0,"comment_status":"closed","ping_status":"closed","template":"","meta":{"footnotes":""},"class_list":["post-1869","page","type-page","status-publish","hentry"],"yoast_head":"<!-- This site is optimized with the Yoast SEO plugin v27.2 - https:\/\/yoast.com\/product\/yoast-seo-wordpress\/ -->\n<title>AGB - Golden-Outlet.de<\/title>\n<meta name=\"robots\" content=\"index, follow, max-snippet:-1, max-image-preview:large, max-video-preview:-1\" \/>\n<link rel=\"canonical\" href=\"https:\/\/golden-outlet.de\/en\/agb\/\" \/>\n<meta property=\"og:locale\" content=\"en_US\" \/>\n<meta property=\"og:type\" content=\"article\" \/>\n<meta property=\"og:title\" content=\"AGB - Golden-Outlet.de\" \/>\n<meta property=\"og:description\" content=\"Allgemeine Gesch\u00e4ftsbedingungen (AGB) 1. Geltungsbereich Diese Allgemeinen Gesch\u00e4ftsbedingungen (AGB) gelten f\u00fcr alle Bestellungen, die Verbraucher und Unternehmer (nachfolgend &#8222;Kunde&#8220; oder\" \/>\n<meta property=\"og:url\" content=\"https:\/\/golden-outlet.de\/en\/agb\/\" \/>\n<meta property=\"og:site_name\" content=\"Golden-Outlet.de\" \/>\n<meta property=\"article:publisher\" content=\"https:\/\/www.facebook.com\/profile.php?id=100090911916931\" \/>\n<meta property=\"article:modified_time\" content=\"2025-09-27T11:17:25+00:00\" \/>\n<meta name=\"twitter:card\" content=\"summary_large_image\" \/>\n<meta name=\"twitter:label1\" content=\"Est. reading time\" \/>\n\t<meta name=\"twitter:data1\" content=\"2 minutes\" \/>\n<script type=\"application\/ld+json\" class=\"yoast-schema-graph\">{\"@context\":\"https:\/\/schema.org\",\"@graph\":[{\"@type\":\"WebPage\",\"@id\":\"https:\/\/golden-outlet.de\/agb\/\",\"url\":\"https:\/\/golden-outlet.de\/agb\/\",\"name\":\"AGB - Golden-Outlet.de\",\"isPartOf\":{\"@id\":\"https:\/\/golden-outlet.de\/en\/#website\"},\"datePublished\":\"2023-07-25T19:08:26+00:00\",\"dateModified\":\"2025-09-27T11:17:25+00:00\",\"breadcrumb\":{\"@id\":\"https:\/\/golden-outlet.de\/agb\/#breadcrumb\"},\"inLanguage\":\"en-US\",\"potentialAction\":[{\"@type\":\"ReadAction\",\"target\":[\"https:\/\/golden-outlet.de\/agb\/\"]}]},{\"@type\":\"BreadcrumbList\",\"@id\":\"https:\/\/golden-outlet.de\/agb\/#breadcrumb\",\"itemListElement\":[{\"@type\":\"ListItem\",\"position\":1,\"name\":\"Home\",\"item\":\"https:\/\/golden-outlet.de\/\"},{\"@type\":\"ListItem\",\"position\":2,\"name\":\"AGB\"}]},{\"@type\":\"WebSite\",\"@id\":\"https:\/\/golden-outlet.de\/en\/#website\",\"url\":\"https:\/\/golden-outlet.de\/en\/\",\"name\":\"Golden-Outlet.de\",\"description\":\"\",\"publisher\":{\"@id\":\"https:\/\/golden-outlet.de\/en\/#organization\"},\"potentialAction\":[{\"@type\":\"SearchAction\",\"target\":{\"@type\":\"EntryPoint\",\"urlTemplate\":\"https:\/\/golden-outlet.de\/en\/?s={search_term_string}\"},\"query-input\":{\"@type\":\"PropertyValueSpecification\",\"valueRequired\":true,\"valueName\":\"search_term_string\"}}],\"inLanguage\":\"en-US\"},{\"@type\":\"Organization\",\"@id\":\"https:\/\/golden-outlet.de\/en\/#organization\",\"name\":\"Golden-Outlet.de\",\"url\":\"https:\/\/golden-outlet.de\/en\/\",\"logo\":{\"@type\":\"ImageObject\",\"inLanguage\":\"en-US\",\"@id\":\"https:\/\/golden-outlet.de\/en\/#\/schema\/logo\/image\/\",\"url\":\"https:\/\/golden-outlet.de\/wp-content\/uploads\/2023\/07\/Logo-GO-compress-0.png\",\"contentUrl\":\"https:\/\/golden-outlet.de\/wp-content\/uploads\/2023\/07\/Logo-GO-compress-0.png\",\"width\":1920,\"height\":252,\"caption\":\"Golden-Outlet.de\"},\"image\":{\"@id\":\"https:\/\/golden-outlet.de\/en\/#\/schema\/logo\/image\/\"},\"sameAs\":[\"https:\/\/www.facebook.com\/profile.php?id=100090911916931\",\"https:\/\/www.instagram.com\/golden_outlet.de\/\"]}]}<\/script>\n<!-- \/ Yoast SEO plugin. -->","yoast_head_json":{"title":"AGB - Golden-Outlet.de","robots":{"index":"index","follow":"follow","max-snippet":"max-snippet:-1","max-image-preview":"max-image-preview:large","max-video-preview":"max-video-preview:-1"},"canonical":"https:\/\/golden-outlet.de\/en\/agb\/","og_locale":"en_US","og_type":"article","og_title":"AGB - Golden-Outlet.de","og_description":"Allgemeine Gesch\u00e4ftsbedingungen (AGB) 1. Geltungsbereich Diese Allgemeinen Gesch\u00e4ftsbedingungen (AGB) gelten f\u00fcr alle Bestellungen, die Verbraucher und Unternehmer (nachfolgend &#8222;Kunde&#8220; oder","og_url":"https:\/\/golden-outlet.de\/en\/agb\/","og_site_name":"Golden-Outlet.de","article_publisher":"https:\/\/www.facebook.com\/profile.php?id=100090911916931","article_modified_time":"2025-09-27T11:17:25+00:00","twitter_card":"summary_large_image","twitter_misc":{"Est. reading time":"2 minutes"},"schema":{"@context":"https:\/\/schema.org","@graph":[{"@type":"WebPage","@id":"https:\/\/golden-outlet.de\/agb\/","url":"https:\/\/golden-outlet.de\/agb\/","name":"AGB - Golden-Outlet.de","isPartOf":{"@id":"https:\/\/golden-outlet.de\/en\/#website"},"datePublished":"2023-07-25T19:08:26+00:00","dateModified":"2025-09-27T11:17:25+00:00","breadcrumb":{"@id":"https:\/\/golden-outlet.de\/agb\/#breadcrumb"},"inLanguage":"en-US","potentialAction":[{"@type":"ReadAction","target":["https:\/\/golden-outlet.de\/agb\/"]}]},{"@type":"BreadcrumbList","@id":"https:\/\/golden-outlet.de\/agb\/#breadcrumb","itemListElement":[{"@type":"ListItem","position":1,"name":"Home","item":"https:\/\/golden-outlet.de\/"},{"@type":"ListItem","position":2,"name":"AGB"}]},{"@type":"WebSite","@id":"https:\/\/golden-outlet.de\/en\/#website","url":"https:\/\/golden-outlet.de\/en\/","name":"Golden-Outlet.com","description":"","publisher":{"@id":"https:\/\/golden-outlet.de\/en\/#organization"},"potentialAction":[{"@type":"SearchAction","target":{"@type":"EntryPoint","urlTemplate":"https:\/\/golden-outlet.de\/en\/?s={search_term_string}"},"query-input":{"@type":"PropertyValueSpecification","valueRequired":true,"valueName":"search_term_string"}}],"inLanguage":"en-US"},{"@type":"Organization","@id":"https:\/\/golden-outlet.de\/en\/#organization","name":"Golden-Outlet.com","url":"https:\/\/golden-outlet.de\/en\/","logo":{"@type":"ImageObject","inLanguage":"en-US","@id":"https:\/\/golden-outlet.de\/en\/#\/schema\/logo\/image\/","url":"https:\/\/golden-outlet.de\/wp-content\/uploads\/2023\/07\/Logo-GO-compress-0.png","contentUrl":"https:\/\/golden-outlet.de\/wp-content\/uploads\/2023\/07\/Logo-GO-compress-0.png","width":1920,"height":252,"caption":"Golden-Outlet.de"},"image":{"@id":"https:\/\/golden-outlet.de\/en\/#\/schema\/logo\/image\/"},"sameAs":["https:\/\/www.facebook.com\/profile.php?id=100090911916931","https:\/\/www.instagram.com\/golden_outlet.de\/"]}]}},"_links":{"self":[{"href":"https:\/\/golden-outlet.de\/en\/wp-json\/wp\/v2\/pages\/1869","targetHints":{"allow":["GET"]}}],"collection":[{"href":"https:\/\/golden-outlet.de\/en\/wp-json\/wp\/v2\/pages"}],"about":[{"href":"https:\/\/golden-outlet.de\/en\/wp-json\/wp\/v2\/types\/page"}],"author":[{"embeddable":true,"href":"https:\/\/golden-outlet.de\/en\/wp-json\/wp\/v2\/users\/1"}],"replies":[{"embeddable":true,"href":"https:\/\/golden-outlet.de\/en\/wp-json\/wp\/v2\/comments?post=1869"}],"version-history":[{"count":31,"href":"https:\/\/golden-outlet.de\/en\/wp-json\/wp\/v2\/pages\/1869\/revisions"}],"predecessor-version":[{"id":34210,"href":"https:\/\/golden-outlet.de\/en\/wp-json\/wp\/v2\/pages\/1869\/revisions\/34210"}],"wp:attachment":[{"href":"https:\/\/golden-outlet.de\/en\/wp-json\/wp\/v2\/media?parent=1869"}],"curies":[{"name":"wp","href":"https:\/\/api.w.org\/{rel}","templated":true}]}}