{"id":11100,"date":"2025-11-22T11:56:45","date_gmt":"2025-11-21T21:56:45","guid":{"rendered":"https:\/\/golden-outlet.de\/product\/lattafa-perfume-ana-abiyedh-eau-de-parfum-60ml-copy\/"},"modified":"2025-12-17T02:53:58","modified_gmt":"2025-12-16T12:53:58","slug":"lattafa-perfume-ana-abiyedh-eau-de-parfum-60ml-2","status":"publish","type":"product","link":"https:\/\/golden-outlet.de\/en\/product\/lattafa-perfume-ana-abiyedh-eau-de-parfum-60ml-2\/","title":{"rendered":"Lattafa Perfume Ana Abiyedh Eau de Parfum 60ml"},"content":{"rendered":"<p>The renowned perfume house Lattafa has developed into a leading fragrance manufacturer since it was founded in 1980. The oriental fragrance compositions celebrate the heritage of Arabian culture and are perfect for discerning perfume lovers who want to show off their personality. Find your new favorite fragrance that perfectly underlines your individual charisma!<\/p>","protected":false},"excerpt":{"rendered":"<div style=\"text-align: center;\">\n<div style=\"text-align: center;\">\n<p><strong>Yara Tous<\/strong><br \/>\n<strong>Eau De Parfum 100 ml (woman)<\/strong><\/p>\n<p>Unfold your natural beauty like a butterfly spreading its wings with the first rays of sunshine! The sweet and fruity Lattafa Yara Tous eau de parfum for women has captured the magic of summer in a bottle. The feminine fragrance transports its wearer to a paradisiacal orchard full of exotic fruits and beautiful flowers that make the heart smile. Enjoy the sunny days with a fragrant fruit cocktail!<\/p>\n<p><strong>Perfume composition<\/strong><\/p>\n<p><strong>Head:<\/strong> Mango, coconut, passion flowers<br \/>\n<strong>Heart:<\/strong> Orange blossom, broadleaf plants, jasmine<br \/>\n<strong>Basis:<\/strong> cashmere, musk, vanilla<\/p>\n<p><strong>Country of origin<\/strong>United Arab Emirates<\/p>\n<\/div>\n<\/div>","protected":false},"featured_media":11101,"comment_status":"open","ping_status":"closed","template":"","meta":[],"product_brand":[],"product_cat":[91,101],"product_tag":[],"class_list":{"0":"post-11100","1":"product","2":"type-product","3":"status-publish","4":"has-post-thumbnail","6":"product_cat-woman","7":"product_cat-all","9":"first","10":"outofstock","11":"sale","12":"shipping-taxable","13":"purchasable","14":"product-type-simple"},"yoast_head":"<!-- This site is optimized with the Yoast SEO plugin v27.2 - https:\/\/yoast.com\/product\/yoast-seo-wordpress\/ -->\n<title>Lattafa Perfume Ana Abiyedh Eau de Parfum 60ml - Golden-Outlet.de<\/title>\n<meta name=\"robots\" content=\"index, follow, max-snippet:-1, max-image-preview:large, max-video-preview:-1\" \/>\n<link rel=\"canonical\" href=\"https:\/\/golden-outlet.de\/en\/product\/lattafa-perfume-ana-abiyedh-eau-de-parfum-60ml-2\/\" \/>\n<meta property=\"og:locale\" content=\"en_US\" \/>\n<meta property=\"og:type\" content=\"article\" \/>\n<meta property=\"og:title\" content=\"Lattafa Perfume Ana Abiyedh Eau de Parfum 60ml - Golden-Outlet.de\" \/>\n<meta property=\"og:description\" content=\"Yara Tous Eau De Parfum 100 ml (woman) Entfalten Sie Ihre nat\u00fcrliche Sch\u00f6nheit wie ein Schmetterling, der mit den ersten Sonnenstrahlen seine Fl\u00fcgel ausbreitet! Das s\u00fc\u00df-fruchtige Eau de Parfum f\u00fcr Damen Lattafa Yara Tous hat den Zauber des Sommers in einem Flakon eingefangen. Der feminine Duft entf\u00fchrt seine Tr\u00e4gerin in einen paradiesischen Obstgarten voller exotischer Fr\u00fcchte und wundersch\u00f6nen Bl\u00fcten, die das Herz zum Lachen bringen. Genie\u00dfen Sie die sonnigen Tage mit einem duftenden Fruchtcocktail! Parf\u00fcmkomposition Kopf: Mango, Kokosnu\u00df, Passionsblumen Herz: Orangenbl\u00fcten, Raublattgew\u00e4chse, Jasmin Basis: Kaschmeran, Moschus, Vanille Herkunftsland: Vereinigte Arabische Emirate\" \/>\n<meta property=\"og:url\" content=\"https:\/\/golden-outlet.de\/en\/product\/lattafa-perfume-ana-abiyedh-eau-de-parfum-60ml-2\/\" \/>\n<meta property=\"og:site_name\" content=\"Golden-Outlet.de\" \/>\n<meta property=\"article:publisher\" content=\"https:\/\/www.facebook.com\/profile.php?id=100090911916931\" \/>\n<meta property=\"article:modified_time\" content=\"2025-12-16T12:53:58+00:00\" \/>\n<meta property=\"og:image\" content=\"https:\/\/golden-outlet.de\/wp-content\/uploads\/2024\/05\/Yara-Tous-Perfume-Eau-De-Perfume-100ml-Lattafa-Perfumes-800x800.jpg\" \/>\n\t<meta property=\"og:image:width\" content=\"800\" \/>\n\t<meta property=\"og:image:height\" content=\"800\" \/>\n\t<meta property=\"og:image:type\" content=\"image\/jpeg\" \/>\n<meta name=\"twitter:card\" content=\"summary_large_image\" \/>\n<script type=\"application\/ld+json\" class=\"yoast-schema-graph\">{\"@context\":\"https:\/\/schema.org\",\"@graph\":[{\"@type\":\"WebPage\",\"@id\":\"https:\/\/golden-outlet.de\/product\/lattafa-perfume-ana-abiyedh-eau-de-parfum-60ml-2\/\",\"url\":\"https:\/\/golden-outlet.de\/product\/lattafa-perfume-ana-abiyedh-eau-de-parfum-60ml-2\/\",\"name\":\"Lattafa Perfume Ana Abiyedh Eau de Parfum 60ml - Golden-Outlet.de\",\"isPartOf\":{\"@id\":\"https:\/\/golden-outlet.de\/en\/#website\"},\"primaryImageOfPage\":{\"@id\":\"https:\/\/golden-outlet.de\/product\/lattafa-perfume-ana-abiyedh-eau-de-parfum-60ml-2\/#primaryimage\"},\"image\":{\"@id\":\"https:\/\/golden-outlet.de\/product\/lattafa-perfume-ana-abiyedh-eau-de-parfum-60ml-2\/#primaryimage\"},\"thumbnailUrl\":\"https:\/\/golden-outlet.de\/wp-content\/uploads\/2024\/05\/Yara-Tous-Perfume-Eau-De-Perfume-100ml-Lattafa-Perfumes.jpg\",\"datePublished\":\"2025-11-21T21:56:45+00:00\",\"dateModified\":\"2025-12-16T12:53:58+00:00\",\"breadcrumb\":{\"@id\":\"https:\/\/golden-outlet.de\/product\/lattafa-perfume-ana-abiyedh-eau-de-parfum-60ml-2\/#breadcrumb\"},\"inLanguage\":\"en-US\",\"potentialAction\":[{\"@type\":\"ReadAction\",\"target\":[\"https:\/\/golden-outlet.de\/product\/lattafa-perfume-ana-abiyedh-eau-de-parfum-60ml-2\/\"]}]},{\"@type\":\"ImageObject\",\"inLanguage\":\"en-US\",\"@id\":\"https:\/\/golden-outlet.de\/product\/lattafa-perfume-ana-abiyedh-eau-de-parfum-60ml-2\/#primaryimage\",\"url\":\"https:\/\/golden-outlet.de\/wp-content\/uploads\/2024\/05\/Yara-Tous-Perfume-Eau-De-Perfume-100ml-Lattafa-Perfumes.jpg\",\"contentUrl\":\"https:\/\/golden-outlet.de\/wp-content\/uploads\/2024\/05\/Yara-Tous-Perfume-Eau-De-Perfume-100ml-Lattafa-Perfumes.jpg\",\"width\":2048,\"height\":2048},{\"@type\":\"BreadcrumbList\",\"@id\":\"https:\/\/golden-outlet.de\/product\/lattafa-perfume-ana-abiyedh-eau-de-parfum-60ml-2\/#breadcrumb\",\"itemListElement\":[{\"@type\":\"ListItem\",\"position\":1,\"name\":\"Home\",\"item\":\"https:\/\/golden-outlet.de\/\"},{\"@type\":\"ListItem\",\"position\":2,\"name\":\"Shop\",\"item\":\"https:\/\/golden-outlet.de\/shop\/\"},{\"@type\":\"ListItem\",\"position\":3,\"name\":\"Lattafa Perfume Ana Abiyedh Eau de Parfum 60ml\"}]},{\"@type\":\"WebSite\",\"@id\":\"https:\/\/golden-outlet.de\/en\/#website\",\"url\":\"https:\/\/golden-outlet.de\/en\/\",\"name\":\"Golden-Outlet.de\",\"description\":\"\",\"publisher\":{\"@id\":\"https:\/\/golden-outlet.de\/en\/#organization\"},\"potentialAction\":[{\"@type\":\"SearchAction\",\"target\":{\"@type\":\"EntryPoint\",\"urlTemplate\":\"https:\/\/golden-outlet.de\/en\/?s={search_term_string}\"},\"query-input\":{\"@type\":\"PropertyValueSpecification\",\"valueRequired\":true,\"valueName\":\"search_term_string\"}}],\"inLanguage\":\"en-US\"},{\"@type\":\"Organization\",\"@id\":\"https:\/\/golden-outlet.de\/en\/#organization\",\"name\":\"Golden-Outlet.de\",\"url\":\"https:\/\/golden-outlet.de\/en\/\",\"logo\":{\"@type\":\"ImageObject\",\"inLanguage\":\"en-US\",\"@id\":\"https:\/\/golden-outlet.de\/en\/#\/schema\/logo\/image\/\",\"url\":\"https:\/\/golden-outlet.de\/wp-content\/uploads\/2023\/07\/Logo-GO-compress-0.png\",\"contentUrl\":\"https:\/\/golden-outlet.de\/wp-content\/uploads\/2023\/07\/Logo-GO-compress-0.png\",\"width\":1920,\"height\":252,\"caption\":\"Golden-Outlet.de\"},\"image\":{\"@id\":\"https:\/\/golden-outlet.de\/en\/#\/schema\/logo\/image\/\"},\"sameAs\":[\"https:\/\/www.facebook.com\/profile.php?id=100090911916931\",\"https:\/\/www.instagram.com\/golden_outlet.de\/\"]}]}<\/script>\n<!-- \/ Yoast SEO plugin. -->","yoast_head_json":{"title":"Lattafa Perfume Ana Abiyedh Eau de Parfum 60ml - Golden-Outlet.co.uk","robots":{"index":"index","follow":"follow","max-snippet":"max-snippet:-1","max-image-preview":"max-image-preview:large","max-video-preview":"max-video-preview:-1"},"canonical":"https:\/\/golden-outlet.de\/en\/product\/lattafa-perfume-ana-abiyedh-eau-de-parfum-60ml-2\/","og_locale":"en_US","og_type":"article","og_title":"Lattafa Perfume Ana Abiyedh Eau de Parfum 60ml - Golden-Outlet.de","og_description":"Yara Tous Eau De Parfum 100 ml (woman) Entfalten Sie Ihre nat\u00fcrliche Sch\u00f6nheit wie ein Schmetterling, der mit den ersten Sonnenstrahlen seine Fl\u00fcgel ausbreitet! Das s\u00fc\u00df-fruchtige Eau de Parfum f\u00fcr Damen Lattafa Yara Tous hat den Zauber des Sommers in einem Flakon eingefangen. Der feminine Duft entf\u00fchrt seine Tr\u00e4gerin in einen paradiesischen Obstgarten voller exotischer Fr\u00fcchte und wundersch\u00f6nen Bl\u00fcten, die das Herz zum Lachen bringen. Genie\u00dfen Sie die sonnigen Tage mit einem duftenden Fruchtcocktail! Parf\u00fcmkomposition Kopf: Mango, Kokosnu\u00df, Passionsblumen Herz: Orangenbl\u00fcten, Raublattgew\u00e4chse, Jasmin Basis: Kaschmeran, Moschus, Vanille Herkunftsland: Vereinigte Arabische Emirate","og_url":"https:\/\/golden-outlet.de\/en\/product\/lattafa-perfume-ana-abiyedh-eau-de-parfum-60ml-2\/","og_site_name":"Golden-Outlet.de","article_publisher":"https:\/\/www.facebook.com\/profile.php?id=100090911916931","article_modified_time":"2025-12-16T12:53:58+00:00","og_image":[{"width":800,"height":800,"url":"https:\/\/golden-outlet.de\/wp-content\/uploads\/2024\/05\/Yara-Tous-Perfume-Eau-De-Perfume-100ml-Lattafa-Perfumes-800x800.jpg","type":"image\/jpeg"}],"twitter_card":"summary_large_image","schema":{"@context":"https:\/\/schema.org","@graph":[{"@type":"WebPage","@id":"https:\/\/golden-outlet.de\/product\/lattafa-perfume-ana-abiyedh-eau-de-parfum-60ml-2\/","url":"https:\/\/golden-outlet.de\/product\/lattafa-perfume-ana-abiyedh-eau-de-parfum-60ml-2\/","name":"Lattafa Perfume Ana Abiyedh Eau de Parfum 60ml - Golden-Outlet.co.uk","isPartOf":{"@id":"https:\/\/golden-outlet.de\/en\/#website"},"primaryImageOfPage":{"@id":"https:\/\/golden-outlet.de\/product\/lattafa-perfume-ana-abiyedh-eau-de-parfum-60ml-2\/#primaryimage"},"image":{"@id":"https:\/\/golden-outlet.de\/product\/lattafa-perfume-ana-abiyedh-eau-de-parfum-60ml-2\/#primaryimage"},"thumbnailUrl":"https:\/\/golden-outlet.de\/wp-content\/uploads\/2024\/05\/Yara-Tous-Perfume-Eau-De-Perfume-100ml-Lattafa-Perfumes.jpg","datePublished":"2025-11-21T21:56:45+00:00","dateModified":"2025-12-16T12:53:58+00:00","breadcrumb":{"@id":"https:\/\/golden-outlet.de\/product\/lattafa-perfume-ana-abiyedh-eau-de-parfum-60ml-2\/#breadcrumb"},"inLanguage":"en-US","potentialAction":[{"@type":"ReadAction","target":["https:\/\/golden-outlet.de\/product\/lattafa-perfume-ana-abiyedh-eau-de-parfum-60ml-2\/"]}]},{"@type":"ImageObject","inLanguage":"en-US","@id":"https:\/\/golden-outlet.de\/product\/lattafa-perfume-ana-abiyedh-eau-de-parfum-60ml-2\/#primaryimage","url":"https:\/\/golden-outlet.de\/wp-content\/uploads\/2024\/05\/Yara-Tous-Perfume-Eau-De-Perfume-100ml-Lattafa-Perfumes.jpg","contentUrl":"https:\/\/golden-outlet.de\/wp-content\/uploads\/2024\/05\/Yara-Tous-Perfume-Eau-De-Perfume-100ml-Lattafa-Perfumes.jpg","width":2048,"height":2048},{"@type":"BreadcrumbList","@id":"https:\/\/golden-outlet.de\/product\/lattafa-perfume-ana-abiyedh-eau-de-parfum-60ml-2\/#breadcrumb","itemListElement":[{"@type":"ListItem","position":1,"name":"Home","item":"https:\/\/golden-outlet.de\/"},{"@type":"ListItem","position":2,"name":"Shop","item":"https:\/\/golden-outlet.de\/shop\/"},{"@type":"ListItem","position":3,"name":"Lattafa Perfume Ana Abiyedh Eau de Parfum 60ml"}]},{"@type":"WebSite","@id":"https:\/\/golden-outlet.de\/en\/#website","url":"https:\/\/golden-outlet.de\/en\/","name":"Golden-Outlet.com","description":"","publisher":{"@id":"https:\/\/golden-outlet.de\/en\/#organization"},"potentialAction":[{"@type":"SearchAction","target":{"@type":"EntryPoint","urlTemplate":"https:\/\/golden-outlet.de\/en\/?s={search_term_string}"},"query-input":{"@type":"PropertyValueSpecification","valueRequired":true,"valueName":"search_term_string"}}],"inLanguage":"en-US"},{"@type":"Organization","@id":"https:\/\/golden-outlet.de\/en\/#organization","name":"Golden-Outlet.com","url":"https:\/\/golden-outlet.de\/en\/","logo":{"@type":"ImageObject","inLanguage":"en-US","@id":"https:\/\/golden-outlet.de\/en\/#\/schema\/logo\/image\/","url":"https:\/\/golden-outlet.de\/wp-content\/uploads\/2023\/07\/Logo-GO-compress-0.png","contentUrl":"https:\/\/golden-outlet.de\/wp-content\/uploads\/2023\/07\/Logo-GO-compress-0.png","width":1920,"height":252,"caption":"Golden-Outlet.de"},"image":{"@id":"https:\/\/golden-outlet.de\/en\/#\/schema\/logo\/image\/"},"sameAs":["https:\/\/www.facebook.com\/profile.php?id=100090911916931","https:\/\/www.instagram.com\/golden_outlet.de\/"]}]}},"_links":{"self":[{"href":"https:\/\/golden-outlet.de\/en\/wp-json\/wp\/v2\/product\/11100","targetHints":{"allow":["GET"]}}],"collection":[{"href":"https:\/\/golden-outlet.de\/en\/wp-json\/wp\/v2\/product"}],"about":[{"href":"https:\/\/golden-outlet.de\/en\/wp-json\/wp\/v2\/types\/product"}],"replies":[{"embeddable":true,"href":"https:\/\/golden-outlet.de\/en\/wp-json\/wp\/v2\/comments?post=11100"}],"version-history":[{"count":2,"href":"https:\/\/golden-outlet.de\/en\/wp-json\/wp\/v2\/product\/11100\/revisions"}],"predecessor-version":[{"id":11742,"href":"https:\/\/golden-outlet.de\/en\/wp-json\/wp\/v2\/product\/11100\/revisions\/11742"}],"wp:featuredmedia":[{"embeddable":true,"href":"https:\/\/golden-outlet.de\/en\/wp-json\/wp\/v2\/media\/11101"}],"wp:attachment":[{"href":"https:\/\/golden-outlet.de\/en\/wp-json\/wp\/v2\/media?parent=11100"}],"wp:term":[{"taxonomy":"product_brand","embeddable":true,"href":"https:\/\/golden-outlet.de\/en\/wp-json\/wp\/v2\/product_brand?post=11100"},{"taxonomy":"product_cat","embeddable":true,"href":"https:\/\/golden-outlet.de\/en\/wp-json\/wp\/v2\/product_cat?post=11100"},{"taxonomy":"product_tag","embeddable":true,"href":"https:\/\/golden-outlet.de\/en\/wp-json\/wp\/v2\/product_tag?post=11100"}],"curies":[{"name":"wp","href":"https:\/\/api.w.org\/{rel}","templated":true}]}}