{"id":11103,"date":"2024-05-12T12:06:21","date_gmt":"2024-05-12T12:06:21","guid":{"rendered":"https:\/\/golden-outlet.de\/product\/lattafa-perfume-ana-abiyedh-eau-de-parfum-60ml-copy-2\/"},"modified":"2025-05-18T13:03:53","modified_gmt":"2025-05-18T13:03:53","slug":"lattafaoud-mood-goldeau-de-parfum-unisex","status":"publish","type":"product","link":"https:\/\/golden-outlet.de\/en\/product\/lattafaoud-mood-goldeau-de-parfum-unisex\/","title":{"rendered":"Lattafa\nOud Mood GOLD\nEau de Parfum Unisex"},"content":{"rendered":"<p>Der Duft entfaltet zun\u00e4chst eine sinnliche Mischung aus Rose, Safran und rotem Pfeffer, die einen bezaubernden ersten Eindruck voller Geheimnis und verf\u00fchrerischer S\u00fc\u00dfe vermittelt. Anschlie\u00dfend kommt kostbares Agarholz zusammen mit weichem Karamell, blumigen Akkorden und erdigem Patchouli zur Geltung. Die Basis des Duftes besteht aus Harz, holzigen Noten, Ambra, Weihrauch und Moschus, die Sie bis tief in die Nacht hinein w\u00e4rmen werden.<\/p>","protected":false},"excerpt":{"rendered":"<div style=\"text-align: center;\">\n<div style=\"text-align: center;\">\n<p><strong>Lattafa Oud Mood Gold &#8211; Eau de Parfum Unisex (100 ml)<\/strong><\/p>\n<p>Haben Sie Lust auf eine Reise in den Orient? Das Unisex Eau de Parfum entf\u00fchrt Sie in den orientalischen Wald mit seinen warmen, holzigen und w\u00fcrzigen Akkorden, begleitet von einer angenehmen S\u00fc\u00dfe. Es ist die perfekte Mischung aus orientalischer Eleganz und modernem Glamour, kreiert f\u00fcr M\u00e4nner und Frauen, die Tiefe und Komplexit\u00e4t sch\u00e4tzen.<\/p>\n<p><strong>Top notes:<\/strong> Rose, Safran, Pimentbeeren-\u00d6l<br \/>\n<strong>Middle notes:<\/strong> Agarholz, Karamell, Blumennoten, Patchouli<br \/>\n<strong>Base notes:<\/strong> Harz, h\u00f6lzerne T\u00f6ne, Bernstein, Weihrauch, Moschus<br \/>\n<strong>Duftfamilien: holzig, Foug\u00e8re-Duft<\/strong><\/p>\n<p><strong>Country of origin<\/strong>United Arab Emirates<\/p>\n<\/div>\n<\/div>","protected":false},"featured_media":11104,"comment_status":"open","ping_status":"closed","template":"","meta":[],"product_brand":[],"product_cat":[101],"product_tag":[],"class_list":{"0":"post-11103","1":"product","2":"type-product","3":"status-publish","4":"has-post-thumbnail","6":"product_cat-all","8":"first","9":"outofstock","10":"sale","11":"shipping-taxable","12":"purchasable","13":"product-type-simple"},"yoast_head":"<!-- This site is optimized with the Yoast SEO plugin v27.2 - https:\/\/yoast.com\/product\/yoast-seo-wordpress\/ -->\n<title>Lattafa Oud Mood GOLD Eau de Parfum Unisex - Golden-Outlet.de<\/title>\n<meta name=\"robots\" content=\"index, follow, max-snippet:-1, max-image-preview:large, max-video-preview:-1\" \/>\n<link rel=\"canonical\" href=\"https:\/\/golden-outlet.de\/en\/product\/lattafaoud-mood-goldeau-de-parfum-unisex\/\" \/>\n<meta property=\"og:locale\" content=\"en_US\" \/>\n<meta property=\"og:type\" content=\"article\" \/>\n<meta property=\"og:title\" content=\"Lattafa Oud Mood GOLD Eau de Parfum Unisex - Golden-Outlet.de\" \/>\n<meta property=\"og:description\" content=\"Lattafa Oud Mood Gold - Eau de Parfum Unisex (100 ml) Haben Sie Lust auf eine Reise in den Orient? Das Unisex Eau de Parfum entf\u00fchrt Sie in den orientalischen Wald mit seinen warmen, holzigen und w\u00fcrzigen Akkorden, begleitet von einer angenehmen S\u00fc\u00dfe. Es ist die perfekte Mischung aus orientalischer Eleganz und modernem Glamour, kreiert f\u00fcr M\u00e4nner und Frauen, die Tiefe und Komplexit\u00e4t sch\u00e4tzen. Top notes: Rose, Safran, Pimentbeeren-\u00d6l Middle notes: Agarholz, Karamell, Blumennoten, Patchouli Base notes: Harz, h\u00f6lzerne T\u00f6ne, Bernstein, Weihrauch, Moschus Duftfamilien: holzig, Foug\u00e8re-Duft Herkunftsland: Vereinigte Arabische Emirate\" \/>\n<meta property=\"og:url\" content=\"https:\/\/golden-outlet.de\/en\/product\/lattafaoud-mood-goldeau-de-parfum-unisex\/\" \/>\n<meta property=\"og:site_name\" content=\"Golden-Outlet.de\" \/>\n<meta property=\"article:publisher\" content=\"https:\/\/www.facebook.com\/profile.php?id=100090911916931\" \/>\n<meta property=\"article:modified_time\" content=\"2025-05-18T13:03:53+00:00\" \/>\n<meta property=\"og:image\" content=\"https:\/\/golden-outlet.de\/wp-content\/uploads\/2024\/05\/lattafa-oud-mood-eau-de-parfum-unisex___230619.jpg\" \/>\n\t<meta property=\"og:image:width\" content=\"1021\" \/>\n\t<meta property=\"og:image:height\" content=\"1600\" \/>\n\t<meta property=\"og:image:type\" content=\"image\/jpeg\" \/>\n<meta name=\"twitter:card\" content=\"summary_large_image\" \/>\n<script type=\"application\/ld+json\" class=\"yoast-schema-graph\">{\"@context\":\"https:\/\/schema.org\",\"@graph\":[{\"@type\":\"WebPage\",\"@id\":\"https:\/\/golden-outlet.de\/product\/lattafaoud-mood-goldeau-de-parfum-unisex\/\",\"url\":\"https:\/\/golden-outlet.de\/product\/lattafaoud-mood-goldeau-de-parfum-unisex\/\",\"name\":\"Lattafa Oud Mood GOLD Eau de Parfum Unisex - Golden-Outlet.de\",\"isPartOf\":{\"@id\":\"https:\/\/golden-outlet.de\/en\/#website\"},\"primaryImageOfPage\":{\"@id\":\"https:\/\/golden-outlet.de\/product\/lattafaoud-mood-goldeau-de-parfum-unisex\/#primaryimage\"},\"image\":{\"@id\":\"https:\/\/golden-outlet.de\/product\/lattafaoud-mood-goldeau-de-parfum-unisex\/#primaryimage\"},\"thumbnailUrl\":\"https:\/\/golden-outlet.de\/wp-content\/uploads\/2024\/05\/lattafa-oud-mood-eau-de-parfum-unisex___230619.jpg\",\"datePublished\":\"2024-05-12T12:06:21+00:00\",\"dateModified\":\"2025-05-18T13:03:53+00:00\",\"breadcrumb\":{\"@id\":\"https:\/\/golden-outlet.de\/product\/lattafaoud-mood-goldeau-de-parfum-unisex\/#breadcrumb\"},\"inLanguage\":\"en-US\",\"potentialAction\":[{\"@type\":\"ReadAction\",\"target\":[\"https:\/\/golden-outlet.de\/product\/lattafaoud-mood-goldeau-de-parfum-unisex\/\"]}]},{\"@type\":\"ImageObject\",\"inLanguage\":\"en-US\",\"@id\":\"https:\/\/golden-outlet.de\/product\/lattafaoud-mood-goldeau-de-parfum-unisex\/#primaryimage\",\"url\":\"https:\/\/golden-outlet.de\/wp-content\/uploads\/2024\/05\/lattafa-oud-mood-eau-de-parfum-unisex___230619.jpg\",\"contentUrl\":\"https:\/\/golden-outlet.de\/wp-content\/uploads\/2024\/05\/lattafa-oud-mood-eau-de-parfum-unisex___230619.jpg\",\"width\":1021,\"height\":1600},{\"@type\":\"BreadcrumbList\",\"@id\":\"https:\/\/golden-outlet.de\/product\/lattafaoud-mood-goldeau-de-parfum-unisex\/#breadcrumb\",\"itemListElement\":[{\"@type\":\"ListItem\",\"position\":1,\"name\":\"Home\",\"item\":\"https:\/\/golden-outlet.de\/\"},{\"@type\":\"ListItem\",\"position\":2,\"name\":\"Shop\",\"item\":\"https:\/\/golden-outlet.de\/shop\/\"},{\"@type\":\"ListItem\",\"position\":3,\"name\":\"Lattafa Oud Mood GOLD Eau de Parfum Unisex\"}]},{\"@type\":\"WebSite\",\"@id\":\"https:\/\/golden-outlet.de\/en\/#website\",\"url\":\"https:\/\/golden-outlet.de\/en\/\",\"name\":\"Golden-Outlet.de\",\"description\":\"\",\"publisher\":{\"@id\":\"https:\/\/golden-outlet.de\/en\/#organization\"},\"potentialAction\":[{\"@type\":\"SearchAction\",\"target\":{\"@type\":\"EntryPoint\",\"urlTemplate\":\"https:\/\/golden-outlet.de\/en\/?s={search_term_string}\"},\"query-input\":{\"@type\":\"PropertyValueSpecification\",\"valueRequired\":true,\"valueName\":\"search_term_string\"}}],\"inLanguage\":\"en-US\"},{\"@type\":\"Organization\",\"@id\":\"https:\/\/golden-outlet.de\/en\/#organization\",\"name\":\"Golden-Outlet.de\",\"url\":\"https:\/\/golden-outlet.de\/en\/\",\"logo\":{\"@type\":\"ImageObject\",\"inLanguage\":\"en-US\",\"@id\":\"https:\/\/golden-outlet.de\/en\/#\/schema\/logo\/image\/\",\"url\":\"https:\/\/golden-outlet.de\/wp-content\/uploads\/2023\/07\/Logo-GO-compress-0.png\",\"contentUrl\":\"https:\/\/golden-outlet.de\/wp-content\/uploads\/2023\/07\/Logo-GO-compress-0.png\",\"width\":1920,\"height\":252,\"caption\":\"Golden-Outlet.de\"},\"image\":{\"@id\":\"https:\/\/golden-outlet.de\/en\/#\/schema\/logo\/image\/\"},\"sameAs\":[\"https:\/\/www.facebook.com\/profile.php?id=100090911916931\",\"https:\/\/www.instagram.com\/golden_outlet.de\/\"]}]}<\/script>\n<!-- \/ Yoast SEO plugin. -->","yoast_head_json":{"title":"Lattafa Oud Mood GOLD Eau de Parfum Unisex - Golden-Outlet.de","robots":{"index":"index","follow":"follow","max-snippet":"max-snippet:-1","max-image-preview":"max-image-preview:large","max-video-preview":"max-video-preview:-1"},"canonical":"https:\/\/golden-outlet.de\/en\/product\/lattafaoud-mood-goldeau-de-parfum-unisex\/","og_locale":"en_US","og_type":"article","og_title":"Lattafa Oud Mood GOLD Eau de Parfum Unisex - Golden-Outlet.de","og_description":"Lattafa Oud Mood Gold - Eau de Parfum Unisex (100 ml) Haben Sie Lust auf eine Reise in den Orient? Das Unisex Eau de Parfum entf\u00fchrt Sie in den orientalischen Wald mit seinen warmen, holzigen und w\u00fcrzigen Akkorden, begleitet von einer angenehmen S\u00fc\u00dfe. Es ist die perfekte Mischung aus orientalischer Eleganz und modernem Glamour, kreiert f\u00fcr M\u00e4nner und Frauen, die Tiefe und Komplexit\u00e4t sch\u00e4tzen. Top notes: Rose, Safran, Pimentbeeren-\u00d6l Middle notes: Agarholz, Karamell, Blumennoten, Patchouli Base notes: Harz, h\u00f6lzerne T\u00f6ne, Bernstein, Weihrauch, Moschus Duftfamilien: holzig, Foug\u00e8re-Duft Herkunftsland: Vereinigte Arabische Emirate","og_url":"https:\/\/golden-outlet.de\/en\/product\/lattafaoud-mood-goldeau-de-parfum-unisex\/","og_site_name":"Golden-Outlet.de","article_publisher":"https:\/\/www.facebook.com\/profile.php?id=100090911916931","article_modified_time":"2025-05-18T13:03:53+00:00","og_image":[{"width":1021,"height":1600,"url":"https:\/\/golden-outlet.de\/wp-content\/uploads\/2024\/05\/lattafa-oud-mood-eau-de-parfum-unisex___230619.jpg","type":"image\/jpeg"}],"twitter_card":"summary_large_image","schema":{"@context":"https:\/\/schema.org","@graph":[{"@type":"WebPage","@id":"https:\/\/golden-outlet.de\/product\/lattafaoud-mood-goldeau-de-parfum-unisex\/","url":"https:\/\/golden-outlet.de\/product\/lattafaoud-mood-goldeau-de-parfum-unisex\/","name":"Lattafa Oud Mood GOLD Eau de Parfum Unisex - Golden-Outlet.de","isPartOf":{"@id":"https:\/\/golden-outlet.de\/en\/#website"},"primaryImageOfPage":{"@id":"https:\/\/golden-outlet.de\/product\/lattafaoud-mood-goldeau-de-parfum-unisex\/#primaryimage"},"image":{"@id":"https:\/\/golden-outlet.de\/product\/lattafaoud-mood-goldeau-de-parfum-unisex\/#primaryimage"},"thumbnailUrl":"https:\/\/golden-outlet.de\/wp-content\/uploads\/2024\/05\/lattafa-oud-mood-eau-de-parfum-unisex___230619.jpg","datePublished":"2024-05-12T12:06:21+00:00","dateModified":"2025-05-18T13:03:53+00:00","breadcrumb":{"@id":"https:\/\/golden-outlet.de\/product\/lattafaoud-mood-goldeau-de-parfum-unisex\/#breadcrumb"},"inLanguage":"en-US","potentialAction":[{"@type":"ReadAction","target":["https:\/\/golden-outlet.de\/product\/lattafaoud-mood-goldeau-de-parfum-unisex\/"]}]},{"@type":"ImageObject","inLanguage":"en-US","@id":"https:\/\/golden-outlet.de\/product\/lattafaoud-mood-goldeau-de-parfum-unisex\/#primaryimage","url":"https:\/\/golden-outlet.de\/wp-content\/uploads\/2024\/05\/lattafa-oud-mood-eau-de-parfum-unisex___230619.jpg","contentUrl":"https:\/\/golden-outlet.de\/wp-content\/uploads\/2024\/05\/lattafa-oud-mood-eau-de-parfum-unisex___230619.jpg","width":1021,"height":1600},{"@type":"BreadcrumbList","@id":"https:\/\/golden-outlet.de\/product\/lattafaoud-mood-goldeau-de-parfum-unisex\/#breadcrumb","itemListElement":[{"@type":"ListItem","position":1,"name":"Home","item":"https:\/\/golden-outlet.de\/"},{"@type":"ListItem","position":2,"name":"Shop","item":"https:\/\/golden-outlet.de\/shop\/"},{"@type":"ListItem","position":3,"name":"Lattafa Oud Mood GOLD Eau de Parfum Unisex"}]},{"@type":"WebSite","@id":"https:\/\/golden-outlet.de\/en\/#website","url":"https:\/\/golden-outlet.de\/en\/","name":"Golden-Outlet.com","description":"","publisher":{"@id":"https:\/\/golden-outlet.de\/en\/#organization"},"potentialAction":[{"@type":"SearchAction","target":{"@type":"EntryPoint","urlTemplate":"https:\/\/golden-outlet.de\/en\/?s={search_term_string}"},"query-input":{"@type":"PropertyValueSpecification","valueRequired":true,"valueName":"search_term_string"}}],"inLanguage":"en-US"},{"@type":"Organization","@id":"https:\/\/golden-outlet.de\/en\/#organization","name":"Golden-Outlet.com","url":"https:\/\/golden-outlet.de\/en\/","logo":{"@type":"ImageObject","inLanguage":"en-US","@id":"https:\/\/golden-outlet.de\/en\/#\/schema\/logo\/image\/","url":"https:\/\/golden-outlet.de\/wp-content\/uploads\/2023\/07\/Logo-GO-compress-0.png","contentUrl":"https:\/\/golden-outlet.de\/wp-content\/uploads\/2023\/07\/Logo-GO-compress-0.png","width":1920,"height":252,"caption":"Golden-Outlet.de"},"image":{"@id":"https:\/\/golden-outlet.de\/en\/#\/schema\/logo\/image\/"},"sameAs":["https:\/\/www.facebook.com\/profile.php?id=100090911916931","https:\/\/www.instagram.com\/golden_outlet.de\/"]}]}},"_links":{"self":[{"href":"https:\/\/golden-outlet.de\/en\/wp-json\/wp\/v2\/product\/11103","targetHints":{"allow":["GET"]}}],"collection":[{"href":"https:\/\/golden-outlet.de\/en\/wp-json\/wp\/v2\/product"}],"about":[{"href":"https:\/\/golden-outlet.de\/en\/wp-json\/wp\/v2\/types\/product"}],"replies":[{"embeddable":true,"href":"https:\/\/golden-outlet.de\/en\/wp-json\/wp\/v2\/comments?post=11103"}],"version-history":[{"count":1,"href":"https:\/\/golden-outlet.de\/en\/wp-json\/wp\/v2\/product\/11103\/revisions"}],"predecessor-version":[{"id":11106,"href":"https:\/\/golden-outlet.de\/en\/wp-json\/wp\/v2\/product\/11103\/revisions\/11106"}],"wp:featuredmedia":[{"embeddable":true,"href":"https:\/\/golden-outlet.de\/en\/wp-json\/wp\/v2\/media\/11104"}],"wp:attachment":[{"href":"https:\/\/golden-outlet.de\/en\/wp-json\/wp\/v2\/media?parent=11103"}],"wp:term":[{"taxonomy":"product_brand","embeddable":true,"href":"https:\/\/golden-outlet.de\/en\/wp-json\/wp\/v2\/product_brand?post=11103"},{"taxonomy":"product_cat","embeddable":true,"href":"https:\/\/golden-outlet.de\/en\/wp-json\/wp\/v2\/product_cat?post=11103"},{"taxonomy":"product_tag","embeddable":true,"href":"https:\/\/golden-outlet.de\/en\/wp-json\/wp\/v2\/product_tag?post=11103"}],"curies":[{"name":"wp","href":"https:\/\/api.w.org\/{rel}","templated":true}]}}