{"id":2637,"date":"2025-09-03T22:31:12","date_gmt":"2025-09-03T22:31:12","guid":{"rendered":"https:\/\/golden-outlet.de\/product\/rainbow-caten-sweatshirt-2\/"},"modified":"2026-04-13T06:35:17","modified_gmt":"2026-04-12T16:35:17","slug":"rainbow-caten-sweatshirt","status":"publish","type":"product","link":"https:\/\/golden-outlet.de\/en\/product\/rainbow-caten-sweatshirt\/","title":{"rendered":"*Rainbow Caten Sweatshirt"},"content":{"rendered":"<p><strong>B-goods at DSQUARED2<\/strong><\/p>\n<p>Due to DSQUARED2's extremely high quality standards, some garments do not pass the quality check, but this does not mean that they do not meet the highest standards. B-goods refers to products that may have some minor defects but are not visible to the naked eye and have NO obvious flaws. These products are still of high quality and offer a great opportunity to purchase high quality clothing at a lower price.<\/p>\n<hr \/>\n<p><strong>B-grade items<\/strong><\/p>\n<p>DSQUARED2 maintains exceptionally high quality standards, and as a result, some clothing items may not meet the criteria for their premium line. However, this does not imply a lack of quality. B-Grade items refer to products that may exhibit minor imperfections that are not discernible to the naked eye and do not have any obvious flaws. These products still boast superior quality and present an excellent opportunity to acquire top-notch clothing at a more affordable price.<\/p>","protected":false},"excerpt":{"rendered":"<div style=\"text-align: center\">\n<div style=\"text-align: center\">\n<div style=\"text-align: center\">\n<div style=\"text-align: center\">\n<p><strong>LOVE AN ELEVATED BASIC? YOU CAN&#8217;T GO WRONG WITH THE BE ICON SWEATSHIRT, FOR EFFORTLESS STYLE. UP YOUR STREETWEAR GAME WITH THIS FLEECED SWEATSHIRT, COMPLETE WITH DSQUARED2 ICON LETTERING EMBLAZONED DOWN THE FRONT IN CONTRASTING PRINT.<\/strong><\/p>\n<p><strong>Item number:<\/strong> S74GU0520 S25042 900<\/p>\n<p><strong>Fit:<\/strong> Regular Fit<br \/>\n<strong>Care instructions:<\/strong> wash at max. 30\u00b0C<br \/>\n<strong>Fit:<\/strong> Fits true to size, take your normal size<\/p>\n<p><strong>Made in Italy<\/strong><\/p>\n<\/div>\n<\/div>\n<div><img loading=\"lazy\" decoding=\"async\" class=\"wp-image-2036 aligncenter\" src=\"https:\/\/golden-outlet.de\/wp-content\/uploads\/2023\/07\/LOGO-DSQ-White.png\" alt=\"\" width=\"203\" height=\"26\" \/><\/div>\n<\/div>\n<\/div>","protected":false},"featured_media":3221,"comment_status":"open","ping_status":"closed","template":"","meta":[],"product_brand":[],"product_cat":[102,139,104],"product_tag":[],"class_list":{"0":"post-2637","1":"product","2":"type-product","3":"status-publish","4":"has-post-thumbnail","6":"product_cat-bestsellers","7":"product_cat-dsquared2","8":"product_cat-hoodies-i-sweatshirts","10":"first","11":"instock","12":"sale","13":"shipping-taxable","14":"purchasable","15":"product-type-variable"},"yoast_head":"<!-- This site is optimized with the Yoast SEO plugin v27.2 - https:\/\/yoast.com\/product\/yoast-seo-wordpress\/ -->\n<title>*Rainbow Caten Sweatshirt - Golden-Outlet.de<\/title>\n<meta name=\"robots\" content=\"index, follow, max-snippet:-1, max-image-preview:large, max-video-preview:-1\" \/>\n<link rel=\"canonical\" href=\"https:\/\/golden-outlet.de\/en\/product\/rainbow-caten-sweatshirt\/\" \/>\n<meta property=\"og:locale\" content=\"en_US\" \/>\n<meta property=\"og:type\" content=\"article\" \/>\n<meta property=\"og:title\" content=\"*Rainbow Caten Sweatshirt - Golden-Outlet.de\" \/>\n<meta property=\"og:description\" content=\"LOVE AN ELEVATED BASIC? YOU CAN&#039;T GO WRONG WITH THE BE ICON SWEATSHIRT, FOR EFFORTLESS STYLE. UP YOUR STREETWEAR GAME WITH THIS FLEECED SWEATSHIRT, COMPLETE WITH DSQUARED2 ICON LETTERING EMBLAZONED DOWN THE FRONT IN CONTRASTING PRINT. Artikelnummer: S74GU0520 S25042 900 Fit: Regular Fit Pflegehinweise: mit max. 30\u00b0C waschen Passform: Passt der Gr\u00f6\u00dfe entsprechend, nehmen Sie Ihre normale Gr\u00f6\u00dfe Hergestellt in Italien\" \/>\n<meta property=\"og:url\" content=\"https:\/\/golden-outlet.de\/en\/product\/rainbow-caten-sweatshirt\/\" \/>\n<meta property=\"og:site_name\" content=\"Golden-Outlet.de\" \/>\n<meta property=\"article:publisher\" content=\"https:\/\/www.facebook.com\/profile.php?id=100090911916931\" \/>\n<meta property=\"article:modified_time\" content=\"2026-04-12T16:35:17+00:00\" \/>\n<meta property=\"og:image\" content=\"https:\/\/golden-outlet.de\/wp-content\/uploads\/2023\/08\/S74GU0520_1.png\" \/>\n\t<meta property=\"og:image:width\" content=\"1370\" \/>\n\t<meta property=\"og:image:height\" content=\"1454\" \/>\n\t<meta property=\"og:image:type\" content=\"image\/png\" \/>\n<meta name=\"twitter:card\" content=\"summary_large_image\" \/>\n<meta name=\"twitter:label1\" content=\"Est. reading time\" \/>\n\t<meta name=\"twitter:data1\" content=\"1 minute\" \/>\n<script type=\"application\/ld+json\" class=\"yoast-schema-graph\">{\"@context\":\"https:\/\/schema.org\",\"@graph\":[{\"@type\":\"WebPage\",\"@id\":\"https:\/\/golden-outlet.de\/product\/rainbow-caten-sweatshirt\/\",\"url\":\"https:\/\/golden-outlet.de\/product\/rainbow-caten-sweatshirt\/\",\"name\":\"*Rainbow Caten Sweatshirt - Golden-Outlet.de\",\"isPartOf\":{\"@id\":\"https:\/\/golden-outlet.de\/en\/#website\"},\"primaryImageOfPage\":{\"@id\":\"https:\/\/golden-outlet.de\/product\/rainbow-caten-sweatshirt\/#primaryimage\"},\"image\":{\"@id\":\"https:\/\/golden-outlet.de\/product\/rainbow-caten-sweatshirt\/#primaryimage\"},\"thumbnailUrl\":\"https:\/\/golden-outlet.de\/wp-content\/uploads\/2023\/08\/S74GU0520_1.png\",\"datePublished\":\"2025-09-03T22:31:12+00:00\",\"dateModified\":\"2026-04-12T16:35:17+00:00\",\"breadcrumb\":{\"@id\":\"https:\/\/golden-outlet.de\/product\/rainbow-caten-sweatshirt\/#breadcrumb\"},\"inLanguage\":\"en-US\",\"potentialAction\":[{\"@type\":\"ReadAction\",\"target\":[\"https:\/\/golden-outlet.de\/product\/rainbow-caten-sweatshirt\/\"]}]},{\"@type\":\"ImageObject\",\"inLanguage\":\"en-US\",\"@id\":\"https:\/\/golden-outlet.de\/product\/rainbow-caten-sweatshirt\/#primaryimage\",\"url\":\"https:\/\/golden-outlet.de\/wp-content\/uploads\/2023\/08\/S74GU0520_1.png\",\"contentUrl\":\"https:\/\/golden-outlet.de\/wp-content\/uploads\/2023\/08\/S74GU0520_1.png\",\"width\":1370,\"height\":1454},{\"@type\":\"BreadcrumbList\",\"@id\":\"https:\/\/golden-outlet.de\/product\/rainbow-caten-sweatshirt\/#breadcrumb\",\"itemListElement\":[{\"@type\":\"ListItem\",\"position\":1,\"name\":\"Home\",\"item\":\"https:\/\/golden-outlet.de\/\"},{\"@type\":\"ListItem\",\"position\":2,\"name\":\"Shop\",\"item\":\"https:\/\/golden-outlet.de\/shop\/\"},{\"@type\":\"ListItem\",\"position\":3,\"name\":\"*Rainbow Caten Sweatshirt\"}]},{\"@type\":\"WebSite\",\"@id\":\"https:\/\/golden-outlet.de\/en\/#website\",\"url\":\"https:\/\/golden-outlet.de\/en\/\",\"name\":\"Golden-Outlet.de\",\"description\":\"\",\"publisher\":{\"@id\":\"https:\/\/golden-outlet.de\/en\/#organization\"},\"potentialAction\":[{\"@type\":\"SearchAction\",\"target\":{\"@type\":\"EntryPoint\",\"urlTemplate\":\"https:\/\/golden-outlet.de\/en\/?s={search_term_string}\"},\"query-input\":{\"@type\":\"PropertyValueSpecification\",\"valueRequired\":true,\"valueName\":\"search_term_string\"}}],\"inLanguage\":\"en-US\"},{\"@type\":\"Organization\",\"@id\":\"https:\/\/golden-outlet.de\/en\/#organization\",\"name\":\"Golden-Outlet.de\",\"url\":\"https:\/\/golden-outlet.de\/en\/\",\"logo\":{\"@type\":\"ImageObject\",\"inLanguage\":\"en-US\",\"@id\":\"https:\/\/golden-outlet.de\/en\/#\/schema\/logo\/image\/\",\"url\":\"https:\/\/golden-outlet.de\/wp-content\/uploads\/2023\/07\/Logo-GO-compress-0.png\",\"contentUrl\":\"https:\/\/golden-outlet.de\/wp-content\/uploads\/2023\/07\/Logo-GO-compress-0.png\",\"width\":1920,\"height\":252,\"caption\":\"Golden-Outlet.de\"},\"image\":{\"@id\":\"https:\/\/golden-outlet.de\/en\/#\/schema\/logo\/image\/\"},\"sameAs\":[\"https:\/\/www.facebook.com\/profile.php?id=100090911916931\",\"https:\/\/www.instagram.com\/golden_outlet.de\/\"]}]}<\/script>\n<!-- \/ Yoast SEO plugin. -->","yoast_head_json":{"title":"*Rainbow Caten Sweatshirt - Golden-Outlet.de","robots":{"index":"index","follow":"follow","max-snippet":"max-snippet:-1","max-image-preview":"max-image-preview:large","max-video-preview":"max-video-preview:-1"},"canonical":"https:\/\/golden-outlet.de\/en\/product\/rainbow-caten-sweatshirt\/","og_locale":"en_US","og_type":"article","og_title":"*Rainbow Caten Sweatshirt - Golden-Outlet.de","og_description":"LOVE AN ELEVATED BASIC? YOU CAN'T GO WRONG WITH THE BE ICON SWEATSHIRT, FOR EFFORTLESS STYLE. UP YOUR STREETWEAR GAME WITH THIS FLEECED SWEATSHIRT, COMPLETE WITH DSQUARED2 ICON LETTERING EMBLAZONED DOWN THE FRONT IN CONTRASTING PRINT. Artikelnummer: S74GU0520 S25042 900 Fit: Regular Fit Pflegehinweise: mit max. 30\u00b0C waschen Passform: Passt der Gr\u00f6\u00dfe entsprechend, nehmen Sie Ihre normale Gr\u00f6\u00dfe Hergestellt in Italien","og_url":"https:\/\/golden-outlet.de\/en\/product\/rainbow-caten-sweatshirt\/","og_site_name":"Golden-Outlet.de","article_publisher":"https:\/\/www.facebook.com\/profile.php?id=100090911916931","article_modified_time":"2026-04-12T16:35:17+00:00","og_image":[{"width":1370,"height":1454,"url":"https:\/\/golden-outlet.de\/wp-content\/uploads\/2023\/08\/S74GU0520_1.png","type":"image\/png"}],"twitter_card":"summary_large_image","twitter_misc":{"Est. reading time":"1 minute"},"schema":{"@context":"https:\/\/schema.org","@graph":[{"@type":"WebPage","@id":"https:\/\/golden-outlet.de\/product\/rainbow-caten-sweatshirt\/","url":"https:\/\/golden-outlet.de\/product\/rainbow-caten-sweatshirt\/","name":"*Rainbow Caten Sweatshirt - Golden-Outlet.de","isPartOf":{"@id":"https:\/\/golden-outlet.de\/en\/#website"},"primaryImageOfPage":{"@id":"https:\/\/golden-outlet.de\/product\/rainbow-caten-sweatshirt\/#primaryimage"},"image":{"@id":"https:\/\/golden-outlet.de\/product\/rainbow-caten-sweatshirt\/#primaryimage"},"thumbnailUrl":"https:\/\/golden-outlet.de\/wp-content\/uploads\/2023\/08\/S74GU0520_1.png","datePublished":"2025-09-03T22:31:12+00:00","dateModified":"2026-04-12T16:35:17+00:00","breadcrumb":{"@id":"https:\/\/golden-outlet.de\/product\/rainbow-caten-sweatshirt\/#breadcrumb"},"inLanguage":"en-US","potentialAction":[{"@type":"ReadAction","target":["https:\/\/golden-outlet.de\/product\/rainbow-caten-sweatshirt\/"]}]},{"@type":"ImageObject","inLanguage":"en-US","@id":"https:\/\/golden-outlet.de\/product\/rainbow-caten-sweatshirt\/#primaryimage","url":"https:\/\/golden-outlet.de\/wp-content\/uploads\/2023\/08\/S74GU0520_1.png","contentUrl":"https:\/\/golden-outlet.de\/wp-content\/uploads\/2023\/08\/S74GU0520_1.png","width":1370,"height":1454},{"@type":"BreadcrumbList","@id":"https:\/\/golden-outlet.de\/product\/rainbow-caten-sweatshirt\/#breadcrumb","itemListElement":[{"@type":"ListItem","position":1,"name":"Home","item":"https:\/\/golden-outlet.de\/"},{"@type":"ListItem","position":2,"name":"Shop","item":"https:\/\/golden-outlet.de\/shop\/"},{"@type":"ListItem","position":3,"name":"*Rainbow Caten Sweatshirt"}]},{"@type":"WebSite","@id":"https:\/\/golden-outlet.de\/en\/#website","url":"https:\/\/golden-outlet.de\/en\/","name":"Golden-Outlet.com","description":"","publisher":{"@id":"https:\/\/golden-outlet.de\/en\/#organization"},"potentialAction":[{"@type":"SearchAction","target":{"@type":"EntryPoint","urlTemplate":"https:\/\/golden-outlet.de\/en\/?s={search_term_string}"},"query-input":{"@type":"PropertyValueSpecification","valueRequired":true,"valueName":"search_term_string"}}],"inLanguage":"en-US"},{"@type":"Organization","@id":"https:\/\/golden-outlet.de\/en\/#organization","name":"Golden-Outlet.com","url":"https:\/\/golden-outlet.de\/en\/","logo":{"@type":"ImageObject","inLanguage":"en-US","@id":"https:\/\/golden-outlet.de\/en\/#\/schema\/logo\/image\/","url":"https:\/\/golden-outlet.de\/wp-content\/uploads\/2023\/07\/Logo-GO-compress-0.png","contentUrl":"https:\/\/golden-outlet.de\/wp-content\/uploads\/2023\/07\/Logo-GO-compress-0.png","width":1920,"height":252,"caption":"Golden-Outlet.de"},"image":{"@id":"https:\/\/golden-outlet.de\/en\/#\/schema\/logo\/image\/"},"sameAs":["https:\/\/www.facebook.com\/profile.php?id=100090911916931","https:\/\/www.instagram.com\/golden_outlet.de\/"]}]}},"_links":{"self":[{"href":"https:\/\/golden-outlet.de\/en\/wp-json\/wp\/v2\/product\/2637","targetHints":{"allow":["GET"]}}],"collection":[{"href":"https:\/\/golden-outlet.de\/en\/wp-json\/wp\/v2\/product"}],"about":[{"href":"https:\/\/golden-outlet.de\/en\/wp-json\/wp\/v2\/types\/product"}],"replies":[{"embeddable":true,"href":"https:\/\/golden-outlet.de\/en\/wp-json\/wp\/v2\/comments?post=2637"}],"version-history":[{"count":2,"href":"https:\/\/golden-outlet.de\/en\/wp-json\/wp\/v2\/product\/2637\/revisions"}],"predecessor-version":[{"id":34429,"href":"https:\/\/golden-outlet.de\/en\/wp-json\/wp\/v2\/product\/2637\/revisions\/34429"}],"wp:featuredmedia":[{"embeddable":true,"href":"https:\/\/golden-outlet.de\/en\/wp-json\/wp\/v2\/media\/3221"}],"wp:attachment":[{"href":"https:\/\/golden-outlet.de\/en\/wp-json\/wp\/v2\/media?parent=2637"}],"wp:term":[{"taxonomy":"product_brand","embeddable":true,"href":"https:\/\/golden-outlet.de\/en\/wp-json\/wp\/v2\/product_brand?post=2637"},{"taxonomy":"product_cat","embeddable":true,"href":"https:\/\/golden-outlet.de\/en\/wp-json\/wp\/v2\/product_cat?post=2637"},{"taxonomy":"product_tag","embeddable":true,"href":"https:\/\/golden-outlet.de\/en\/wp-json\/wp\/v2\/product_tag?post=2637"}],"curies":[{"name":"wp","href":"https:\/\/api.w.org\/{rel}","templated":true}]}}