{"id":30895,"date":"2025-11-24T16:07:36","date_gmt":"2025-11-24T02:07:36","guid":{"rendered":"https:\/\/golden-outlet.de\/?post_type=product&#038;p=30895"},"modified":"2026-04-04T10:58:01","modified_gmt":"2026-04-03T20:58:01","slug":"moncler-logo-white-cotton-piquet-polo-shirt","status":"publish","type":"product","link":"https:\/\/golden-outlet.de\/en\/product\/moncler-logo-white-cotton-piquet-polo-shirt\/","title":{"rendered":"*Moncler Logo White Cotton Piquet Polo Shirt"},"content":{"rendered":"<p><strong><span style=\"vertical-align: inherit;\">B-stock for luxury brands<\/span><\/strong><\/p>\n<p><span style=\"vertical-align: inherit;\">Due to the strict quality standards of some luxury brands, some garments fail the quality check, but this does not mean that they are not of the highest standards. B-stock refers to products that may have some minor defects, but these are not noticeable to the naked eye and have NO obvious flaws. These products are still of high quality and are a great way to purchase high-quality clothing at a more affordable price.<\/span><\/p>\n<hr \/>\n<p><strong><span style=\"vertical-align: inherit;\">B-Grade at Luxury Brands<\/span><\/strong><\/p>\n<p><span style=\"vertical-align: inherit;\">Due to the stringent quality standards of some luxury brands, some clothing items may not pass the quality check. However, this does not mean they do not meet the highest standards. B-Grade refers to products that may have minor imperfections that are not visible to the naked eye and have NO obvious flaws. These products are still of high quality and provide an excellent opportunity to acquire premium clothing at a more affordable price.<\/span><\/p>","protected":false},"excerpt":{"rendered":"<div style=\"text-align: center;\">\n<div style=\"text-align: center;\">\n<p><strong>Article Number: K10918A0002789ALK034<\/strong><\/p>\n<p>Fit: Regular fit<\/p>\n<p>Size Advice: This product runs true to size. We recommend selecting your usual size for the best fit.<\/p>\n<p>Fit: Fits true to size, take your normal size<\/p>\n<p>Care instructions: Wash at 30\u00b0C<\/p>\n<p style=\"text-align: center;\">Machine wash max 30\u00b0C &#8211; Mild process<\/p>\n<\/div>\n<div style=\"text-align: center;\">\n<p><strong>Easy to wear throughout the year, this polo shirt is crafted from cotton piquet. The classic short sleeve design subtly references Moncler DNA with a striped logo print on each cuff.<\/strong><\/p>\n<\/div>\n<p><img loading=\"lazy\" decoding=\"async\" class=\"alignnone size-full wp-image-22506\" src=\"https:\/\/golden-outlet.de\/wp-content\/uploads\/2025\/02\/moncler.webp\" alt=\"\" width=\"328\" height=\"72\" srcset=\"https:\/\/golden-outlet.de\/wp-content\/uploads\/2025\/02\/moncler.webp 328w, https:\/\/golden-outlet.de\/wp-content\/uploads\/2025\/02\/moncler-150x33.webp 150w, https:\/\/golden-outlet.de\/wp-content\/uploads\/2025\/02\/moncler-18x4.webp 18w\" sizes=\"auto, (max-width: 328px) 100vw, 328px\" \/><\/p>\n<\/div>","protected":false},"featured_media":30902,"comment_status":"open","ping_status":"closed","template":"","meta":[],"product_brand":[],"product_cat":[136,101,90,171,97],"product_tag":[],"class_list":{"0":"post-30895","1":"product","2":"type-product","3":"status-publish","4":"has-post-thumbnail","6":"product_cat-brands","7":"product_cat-all","8":"product_cat-men","9":"product_cat-moncler","10":"product_cat-new-arrivals","12":"first","13":"instock","14":"sale","15":"shipping-taxable","16":"purchasable","17":"product-type-variable"},"yoast_head":"<!-- This site is optimized with the Yoast SEO plugin v27.2 - https:\/\/yoast.com\/product\/yoast-seo-wordpress\/ -->\n<title>*Moncler Logo White Cotton Piquet Polo Shirt - Golden-Outlet.de<\/title>\n<meta name=\"robots\" content=\"index, follow, max-snippet:-1, max-image-preview:large, max-video-preview:-1\" \/>\n<link rel=\"canonical\" href=\"https:\/\/golden-outlet.de\/en\/product\/moncler-logo-white-cotton-piquet-polo-shirt\/\" \/>\n<meta property=\"og:locale\" content=\"en_US\" \/>\n<meta property=\"og:type\" content=\"article\" \/>\n<meta property=\"og:title\" content=\"*Moncler Logo White Cotton Piquet Polo Shirt - Golden-Outlet.de\" \/>\n<meta property=\"og:description\" content=\"Article Number: K10918A0002789ALK034 Fit: Regular Fit Size Advice: This product runs true to size. We recommend selecting your usual size for the best fit. Passform: Passt der Gr\u00f6\u00dfe entsprechend, nehmen Sie Ihre normale Gr\u00f6\u00dfe Care instructions: Wash at 30\u00b0C Machine wash max 30\u00b0C - Mild process   Easy to wear throughout the year, this polo shirt is crafted from cotton piquet. The classic short sleeve design subtly references Moncler DNA with a striped logo print on each cuff.\" \/>\n<meta property=\"og:url\" content=\"https:\/\/golden-outlet.de\/en\/product\/moncler-logo-white-cotton-piquet-polo-shirt\/\" \/>\n<meta property=\"og:site_name\" content=\"Golden-Outlet.de\" \/>\n<meta property=\"article:publisher\" content=\"https:\/\/www.facebook.com\/profile.php?id=100090911916931\" \/>\n<meta property=\"article:modified_time\" content=\"2026-04-03T20:58:01+00:00\" \/>\n<meta property=\"og:image\" content=\"https:\/\/golden-outlet.de\/wp-content\/uploads\/2025\/06\/XXX-K10918A0002789ALK034_1.webp\" \/>\n\t<meta property=\"og:image:width\" content=\"1706\" \/>\n\t<meta property=\"og:image:height\" content=\"2560\" \/>\n\t<meta property=\"og:image:type\" content=\"image\/webp\" \/>\n<meta name=\"twitter:card\" content=\"summary_large_image\" \/>\n<meta name=\"twitter:label1\" content=\"Est. reading time\" \/>\n\t<meta name=\"twitter:data1\" content=\"1 minute\" \/>\n<script type=\"application\/ld+json\" class=\"yoast-schema-graph\">{\"@context\":\"https:\/\/schema.org\",\"@graph\":[{\"@type\":\"WebPage\",\"@id\":\"https:\/\/golden-outlet.de\/product\/moncler-logo-white-cotton-piquet-polo-shirt\/\",\"url\":\"https:\/\/golden-outlet.de\/product\/moncler-logo-white-cotton-piquet-polo-shirt\/\",\"name\":\"*Moncler Logo White Cotton Piquet Polo Shirt - Golden-Outlet.de\",\"isPartOf\":{\"@id\":\"https:\/\/golden-outlet.de\/en\/#website\"},\"primaryImageOfPage\":{\"@id\":\"https:\/\/golden-outlet.de\/product\/moncler-logo-white-cotton-piquet-polo-shirt\/#primaryimage\"},\"image\":{\"@id\":\"https:\/\/golden-outlet.de\/product\/moncler-logo-white-cotton-piquet-polo-shirt\/#primaryimage\"},\"thumbnailUrl\":\"https:\/\/golden-outlet.de\/wp-content\/uploads\/2025\/06\/XXX-K10918A0002789ALK034_1.webp\",\"datePublished\":\"2025-11-24T02:07:36+00:00\",\"dateModified\":\"2026-04-03T20:58:01+00:00\",\"breadcrumb\":{\"@id\":\"https:\/\/golden-outlet.de\/product\/moncler-logo-white-cotton-piquet-polo-shirt\/#breadcrumb\"},\"inLanguage\":\"en-US\",\"potentialAction\":[{\"@type\":\"ReadAction\",\"target\":[\"https:\/\/golden-outlet.de\/product\/moncler-logo-white-cotton-piquet-polo-shirt\/\"]}]},{\"@type\":\"ImageObject\",\"inLanguage\":\"en-US\",\"@id\":\"https:\/\/golden-outlet.de\/product\/moncler-logo-white-cotton-piquet-polo-shirt\/#primaryimage\",\"url\":\"https:\/\/golden-outlet.de\/wp-content\/uploads\/2025\/06\/XXX-K10918A0002789ALK034_1.webp\",\"contentUrl\":\"https:\/\/golden-outlet.de\/wp-content\/uploads\/2025\/06\/XXX-K10918A0002789ALK034_1.webp\",\"width\":1706,\"height\":2560},{\"@type\":\"BreadcrumbList\",\"@id\":\"https:\/\/golden-outlet.de\/product\/moncler-logo-white-cotton-piquet-polo-shirt\/#breadcrumb\",\"itemListElement\":[{\"@type\":\"ListItem\",\"position\":1,\"name\":\"Home\",\"item\":\"https:\/\/golden-outlet.de\/\"},{\"@type\":\"ListItem\",\"position\":2,\"name\":\"Shop\",\"item\":\"https:\/\/golden-outlet.de\/shop\/\"},{\"@type\":\"ListItem\",\"position\":3,\"name\":\"*Moncler Logo White Cotton Piquet Polo Shirt\"}]},{\"@type\":\"WebSite\",\"@id\":\"https:\/\/golden-outlet.de\/en\/#website\",\"url\":\"https:\/\/golden-outlet.de\/en\/\",\"name\":\"Golden-Outlet.de\",\"description\":\"\",\"publisher\":{\"@id\":\"https:\/\/golden-outlet.de\/en\/#organization\"},\"potentialAction\":[{\"@type\":\"SearchAction\",\"target\":{\"@type\":\"EntryPoint\",\"urlTemplate\":\"https:\/\/golden-outlet.de\/en\/?s={search_term_string}\"},\"query-input\":{\"@type\":\"PropertyValueSpecification\",\"valueRequired\":true,\"valueName\":\"search_term_string\"}}],\"inLanguage\":\"en-US\"},{\"@type\":\"Organization\",\"@id\":\"https:\/\/golden-outlet.de\/en\/#organization\",\"name\":\"Golden-Outlet.de\",\"url\":\"https:\/\/golden-outlet.de\/en\/\",\"logo\":{\"@type\":\"ImageObject\",\"inLanguage\":\"en-US\",\"@id\":\"https:\/\/golden-outlet.de\/en\/#\/schema\/logo\/image\/\",\"url\":\"https:\/\/golden-outlet.de\/wp-content\/uploads\/2023\/07\/Logo-GO-compress-0.png\",\"contentUrl\":\"https:\/\/golden-outlet.de\/wp-content\/uploads\/2023\/07\/Logo-GO-compress-0.png\",\"width\":1920,\"height\":252,\"caption\":\"Golden-Outlet.de\"},\"image\":{\"@id\":\"https:\/\/golden-outlet.de\/en\/#\/schema\/logo\/image\/\"},\"sameAs\":[\"https:\/\/www.facebook.com\/profile.php?id=100090911916931\",\"https:\/\/www.instagram.com\/golden_outlet.de\/\"]}]}<\/script>\n<!-- \/ Yoast SEO plugin. -->","yoast_head_json":{"title":"*Moncler Logo White Cotton Piquet Polo Shirt - Golden-Outlet.de","robots":{"index":"index","follow":"follow","max-snippet":"max-snippet:-1","max-image-preview":"max-image-preview:large","max-video-preview":"max-video-preview:-1"},"canonical":"https:\/\/golden-outlet.de\/en\/product\/moncler-logo-white-cotton-piquet-polo-shirt\/","og_locale":"en_US","og_type":"article","og_title":"*Moncler Logo White Cotton Piquet Polo Shirt - Golden-Outlet.de","og_description":"Article Number: K10918A0002789ALK034 Fit: Regular Fit Size Advice: This product runs true to size. We recommend selecting your usual size for the best fit. Passform: Passt der Gr\u00f6\u00dfe entsprechend, nehmen Sie Ihre normale Gr\u00f6\u00dfe Care instructions: Wash at 30\u00b0C Machine wash max 30\u00b0C - Mild process   Easy to wear throughout the year, this polo shirt is crafted from cotton piquet. The classic short sleeve design subtly references Moncler DNA with a striped logo print on each cuff.","og_url":"https:\/\/golden-outlet.de\/en\/product\/moncler-logo-white-cotton-piquet-polo-shirt\/","og_site_name":"Golden-Outlet.de","article_publisher":"https:\/\/www.facebook.com\/profile.php?id=100090911916931","article_modified_time":"2026-04-03T20:58:01+00:00","og_image":[{"width":1706,"height":2560,"url":"https:\/\/golden-outlet.de\/wp-content\/uploads\/2025\/06\/XXX-K10918A0002789ALK034_1.webp","type":"image\/webp"}],"twitter_card":"summary_large_image","twitter_misc":{"Est. reading time":"1 minute"},"schema":{"@context":"https:\/\/schema.org","@graph":[{"@type":"WebPage","@id":"https:\/\/golden-outlet.de\/product\/moncler-logo-white-cotton-piquet-polo-shirt\/","url":"https:\/\/golden-outlet.de\/product\/moncler-logo-white-cotton-piquet-polo-shirt\/","name":"*Moncler Logo White Cotton Piquet Polo Shirt - Golden-Outlet.de","isPartOf":{"@id":"https:\/\/golden-outlet.de\/en\/#website"},"primaryImageOfPage":{"@id":"https:\/\/golden-outlet.de\/product\/moncler-logo-white-cotton-piquet-polo-shirt\/#primaryimage"},"image":{"@id":"https:\/\/golden-outlet.de\/product\/moncler-logo-white-cotton-piquet-polo-shirt\/#primaryimage"},"thumbnailUrl":"https:\/\/golden-outlet.de\/wp-content\/uploads\/2025\/06\/XXX-K10918A0002789ALK034_1.webp","datePublished":"2025-11-24T02:07:36+00:00","dateModified":"2026-04-03T20:58:01+00:00","breadcrumb":{"@id":"https:\/\/golden-outlet.de\/product\/moncler-logo-white-cotton-piquet-polo-shirt\/#breadcrumb"},"inLanguage":"en-US","potentialAction":[{"@type":"ReadAction","target":["https:\/\/golden-outlet.de\/product\/moncler-logo-white-cotton-piquet-polo-shirt\/"]}]},{"@type":"ImageObject","inLanguage":"en-US","@id":"https:\/\/golden-outlet.de\/product\/moncler-logo-white-cotton-piquet-polo-shirt\/#primaryimage","url":"https:\/\/golden-outlet.de\/wp-content\/uploads\/2025\/06\/XXX-K10918A0002789ALK034_1.webp","contentUrl":"https:\/\/golden-outlet.de\/wp-content\/uploads\/2025\/06\/XXX-K10918A0002789ALK034_1.webp","width":1706,"height":2560},{"@type":"BreadcrumbList","@id":"https:\/\/golden-outlet.de\/product\/moncler-logo-white-cotton-piquet-polo-shirt\/#breadcrumb","itemListElement":[{"@type":"ListItem","position":1,"name":"Home","item":"https:\/\/golden-outlet.de\/"},{"@type":"ListItem","position":2,"name":"Shop","item":"https:\/\/golden-outlet.de\/shop\/"},{"@type":"ListItem","position":3,"name":"*Moncler Logo White Cotton Piquet Polo Shirt"}]},{"@type":"WebSite","@id":"https:\/\/golden-outlet.de\/en\/#website","url":"https:\/\/golden-outlet.de\/en\/","name":"Golden-Outlet.com","description":"","publisher":{"@id":"https:\/\/golden-outlet.de\/en\/#organization"},"potentialAction":[{"@type":"SearchAction","target":{"@type":"EntryPoint","urlTemplate":"https:\/\/golden-outlet.de\/en\/?s={search_term_string}"},"query-input":{"@type":"PropertyValueSpecification","valueRequired":true,"valueName":"search_term_string"}}],"inLanguage":"en-US"},{"@type":"Organization","@id":"https:\/\/golden-outlet.de\/en\/#organization","name":"Golden-Outlet.com","url":"https:\/\/golden-outlet.de\/en\/","logo":{"@type":"ImageObject","inLanguage":"en-US","@id":"https:\/\/golden-outlet.de\/en\/#\/schema\/logo\/image\/","url":"https:\/\/golden-outlet.de\/wp-content\/uploads\/2023\/07\/Logo-GO-compress-0.png","contentUrl":"https:\/\/golden-outlet.de\/wp-content\/uploads\/2023\/07\/Logo-GO-compress-0.png","width":1920,"height":252,"caption":"Golden-Outlet.de"},"image":{"@id":"https:\/\/golden-outlet.de\/en\/#\/schema\/logo\/image\/"},"sameAs":["https:\/\/www.facebook.com\/profile.php?id=100090911916931","https:\/\/www.instagram.com\/golden_outlet.de\/"]}]}},"_links":{"self":[{"href":"https:\/\/golden-outlet.de\/en\/wp-json\/wp\/v2\/product\/30895","targetHints":{"allow":["GET"]}}],"collection":[{"href":"https:\/\/golden-outlet.de\/en\/wp-json\/wp\/v2\/product"}],"about":[{"href":"https:\/\/golden-outlet.de\/en\/wp-json\/wp\/v2\/types\/product"}],"replies":[{"embeddable":true,"href":"https:\/\/golden-outlet.de\/en\/wp-json\/wp\/v2\/comments?post=30895"}],"version-history":[{"count":3,"href":"https:\/\/golden-outlet.de\/en\/wp-json\/wp\/v2\/product\/30895\/revisions"}],"predecessor-version":[{"id":32666,"href":"https:\/\/golden-outlet.de\/en\/wp-json\/wp\/v2\/product\/30895\/revisions\/32666"}],"wp:featuredmedia":[{"embeddable":true,"href":"https:\/\/golden-outlet.de\/en\/wp-json\/wp\/v2\/media\/30902"}],"wp:attachment":[{"href":"https:\/\/golden-outlet.de\/en\/wp-json\/wp\/v2\/media?parent=30895"}],"wp:term":[{"taxonomy":"product_brand","embeddable":true,"href":"https:\/\/golden-outlet.de\/en\/wp-json\/wp\/v2\/product_brand?post=30895"},{"taxonomy":"product_cat","embeddable":true,"href":"https:\/\/golden-outlet.de\/en\/wp-json\/wp\/v2\/product_cat?post=30895"},{"taxonomy":"product_tag","embeddable":true,"href":"https:\/\/golden-outlet.de\/en\/wp-json\/wp\/v2\/product_tag?post=30895"}],"curies":[{"name":"wp","href":"https:\/\/api.w.org\/{rel}","templated":true}]}}