{"id":36321,"date":"2026-05-07T04:43:21","date_gmt":"2026-05-06T14:43:21","guid":{"rendered":"https:\/\/golden-outlet.de\/?post_type=product&#038;p=36321"},"modified":"2026-05-08T21:10:07","modified_gmt":"2026-05-08T07:10:07","slug":"golden-goose-mens-super-star-ltd-in-suede-with-brown-leather-star-and-metallic-leather-heel-tab","status":"publish","type":"product","link":"https:\/\/golden-outlet.de\/en\/product\/golden-goose-mens-super-star-ltd-in-suede-with-brown-leather-star-and-metallic-leather-heel-tab\/","title":{"rendered":"Golden Goose Men&#8217;s Super-Star LTD in suede with brown leather star and metallic leather heel tab"},"content":{"rendered":"<div style=\"background: #2a1f00; border-left: 4px solid #f3cd53; color: #ffffff; padding: 14px; margin: 20px 0; text-align: left; font-size: 14px; line-height: 1.6;\"><strong>Important Sizing Notice:<\/strong><br \/>\nTo ensure the best fit, we strongly recommend comparing our size chart with a pair of shoes you already own and that fit you well. Please measure the inner sole length in millimeters and compare it with the chart above before placing your order.<\/div>","protected":false},"excerpt":{"rendered":"<div style=\"text-align: center;\">\n<div style=\"text-align: center;\">\n<p><strong>Article Number: A7 \/ GG01<\/strong><\/p>\n<p style=\"text-align: center;\"><strong><span style=\"vertical-align: inherit;\">Made in Italy<\/span><\/strong><\/p>\n<p class=\"margin-bottom0\"><strong>A timeless icon yet one that\u2019s constantly evolving. At Golden, we love taking our classics and reworking them all the time, always from a new angle. These men&#8217;s Super-Star with a white suede upper feature a brown leather star, a metallic leather heel tab, and contrast lettering on the white rubber toe. The foxing insert and tongue in light gray suede and white laces add the finishing touch.<\/strong><\/p>\n<h2>Size Chart \/ Gr\u00f6\u00dfentabelle<\/h2>\n<div style=\"background: #2a1f00; border-left: 4px solid #f3cd53; color: #ffffff; padding: 14px; margin: 20px 0; text-align: left; font-size: 14px; line-height: 1.6;\"><strong>Wichtiger Hinweis zur Gr\u00f6\u00dfe:<\/strong><br \/>\nUm die passende Gr\u00f6\u00dfe sicherzustellen, empfehlen wir dringend, die Gr\u00f6\u00dfentabelle mit einem Paar Schuhe zu vergleichen, das Ihnen bereits gut passt. Bitte messen Sie die Innensohlenl\u00e4nge in Millimetern und vergleichen Sie diese vor der Bestellung mit der Tabelle.<\/div>\n<table style=\"width: 100%; border-collapse: collapse; margin-bottom: 20px;\">\n<thead>\n<tr>\n<th style=\"background: #cfcfcf; color: #000; padding: 10px; text-align: left;\">EU Size \/ EU Gr\u00f6\u00dfe<\/th>\n<th style=\"background: #cfcfcf; color: #000; padding: 10px; text-align: left;\">Foot Length (mm) \/ Fu\u00dfl\u00e4nge (mm)<\/th>\n<\/tr>\n<\/thead>\n<tbody>\n<tr>\n<td style=\"background: #000; color: #fff; padding: 10px;\">41<\/td>\n<td style=\"background: #000; color: #fff; padding: 10px;\">265 mm<\/td>\n<\/tr>\n<tr>\n<td style=\"background: #000; color: #fff; padding: 10px;\">42<\/td>\n<td style=\"background: #000; color: #fff; padding: 10px;\">270 mm<\/td>\n<\/tr>\n<tr>\n<td style=\"background: #000; color: #fff; padding: 10px;\">43<\/td>\n<td style=\"background: #000; color: #fff; padding: 10px;\">275 mm<\/td>\n<\/tr>\n<tr>\n<td style=\"background: #000; color: #fff; padding: 10px;\">44<\/td>\n<td style=\"background: #000; color: #fff; padding: 10px;\">280 mm<\/td>\n<\/tr>\n<tr>\n<td style=\"background: #000; color: #fff; padding: 10px;\">45<\/td>\n<td style=\"background: #000; color: #fff; padding: 10px;\">290 mm<\/td>\n<\/tr>\n<tr>\n<td style=\"background: #000; color: #fff; padding: 10px;\">46<\/td>\n<td style=\"background: #000; color: #fff; padding: 10px;\">295 mm<\/td>\n<\/tr>\n<\/tbody>\n<\/table>\n<ul>\n<li>Original carton included<\/li>\n<li>Perfect gift for any occasion<\/li>\n<\/ul>\n<\/div>\n<p><img loading=\"lazy\" decoding=\"async\" class=\"alignnone size-full wp-image-36250\" src=\"https:\/\/golden-outlet.de\/wp-content\/uploads\/2025\/10\/LOGO-G.webp\" alt=\"\" width=\"328\" height=\"72\" srcset=\"https:\/\/golden-outlet.de\/wp-content\/uploads\/2025\/10\/LOGO-G.webp 328w, https:\/\/golden-outlet.de\/wp-content\/uploads\/2025\/10\/LOGO-G-150x33.webp 150w, https:\/\/golden-outlet.de\/wp-content\/uploads\/2025\/10\/LOGO-G-18x4.webp 18w\" sizes=\"auto, (max-width: 328px) 100vw, 328px\" \/><\/p>\n<\/div>\n<p>&nbsp;<\/p>","protected":false},"featured_media":45274,"comment_status":"open","ping_status":"closed","template":"","meta":[],"product_brand":[],"product_cat":[136,198,90,97,23],"product_tag":[],"class_list":{"0":"post-36321","1":"product","2":"type-product","3":"status-publish","4":"has-post-thumbnail","6":"product_cat-brands","7":"product_cat-golden-goose","8":"product_cat-men","9":"product_cat-new-arrivals","10":"product_cat-shoes","12":"first","13":"instock","14":"sale","15":"shipping-taxable","16":"purchasable","17":"product-type-variable"},"yoast_head":"<!-- This site is optimized with the Yoast SEO plugin v27.5 - https:\/\/yoast.com\/product\/yoast-seo-wordpress\/ -->\n<title>Golden Goose Men&#039;s Super-Star LTD in suede with brown leather star and metallic leather heel tab - Golden-Outlet.de<\/title>\n<meta name=\"robots\" content=\"index, follow, max-snippet:-1, max-image-preview:large, max-video-preview:-1\" \/>\n<link rel=\"canonical\" href=\"https:\/\/golden-outlet.de\/en\/product\/golden-goose-mens-super-star-ltd-in-suede-with-brown-leather-star-and-metallic-leather-heel-tab\/\" \/>\n<meta property=\"og:locale\" content=\"en_US\" \/>\n<meta property=\"og:type\" content=\"article\" \/>\n<meta property=\"og:title\" content=\"Golden Goose Men&#039;s Super-Star LTD in suede with brown leather star and metallic leather heel tab - Golden-Outlet.de\" \/>\n<meta property=\"og:description\" content=\"Article Number: A7 \/ GG01 Made in Italy A timeless icon yet one that\u2019s constantly evolving. At Golden, we love taking our classics and reworking them all the time, always from a new angle. These men&#039;s Super-Star with a white suede upper feature a brown leather star, a metallic leather heel tab, and contrast lettering on the white rubber toe. The foxing insert and tongue in light gray suede and white laces add the finishing touch.  Size Chart \/ Gr\u00f6\u00dfentabelle Wichtiger Hinweis zur Gr\u00f6\u00dfe: Um die passende Gr\u00f6\u00dfe sicherzustellen, empfehlen wir dringend, die Gr\u00f6\u00dfentabelle mit einem Paar Schuhe zu vergleichen, das Ihnen bereits gut passt. Bitte messen Sie die Innensohlenl\u00e4nge in Millimetern und vergleichen Sie diese vor der Bestellung mit der Tabelle.    EU Size \/ EU Gr\u00f6\u00dfe Foot Length (mm) \/ Fu\u00dfl\u00e4nge (mm)     41 265 mm   42 270 mm   43 275 mm   44 280 mm   45 290 mm   46 295 mm      Original carton included  Perfect gift for any occasion      &nbsp;\" \/>\n<meta property=\"og:url\" content=\"https:\/\/golden-outlet.de\/en\/product\/golden-goose-mens-super-star-ltd-in-suede-with-brown-leather-star-and-metallic-leather-heel-tab\/\" \/>\n<meta property=\"og:site_name\" content=\"Golden-Outlet.de\" \/>\n<meta property=\"article:publisher\" content=\"https:\/\/www.facebook.com\/profile.php?id=100090911916931\" \/>\n<meta property=\"article:modified_time\" content=\"2026-05-08T07:10:07+00:00\" \/>\n<meta property=\"og:image\" content=\"https:\/\/golden-outlet.de\/wp-content\/uploads\/2026\/05\/Mod-1_1.webp\" \/>\n\t<meta property=\"og:image:width\" content=\"1327\" \/>\n\t<meta property=\"og:image:height\" content=\"1991\" \/>\n\t<meta property=\"og:image:type\" content=\"image\/webp\" \/>\n<meta name=\"twitter:card\" content=\"summary_large_image\" \/>\n<meta name=\"twitter:label1\" content=\"Est. reading time\" \/>\n\t<meta name=\"twitter:data1\" content=\"1 minute\" \/>\n<script type=\"application\/ld+json\" class=\"yoast-schema-graph\">{\"@context\":\"https:\\\/\\\/schema.org\",\"@graph\":[{\"@type\":\"WebPage\",\"@id\":\"https:\\\/\\\/golden-outlet.de\\\/product\\\/golden-goose-mens-super-star-ltd-in-suede-with-brown-leather-star-and-metallic-leather-heel-tab\\\/\",\"url\":\"https:\\\/\\\/golden-outlet.de\\\/product\\\/golden-goose-mens-super-star-ltd-in-suede-with-brown-leather-star-and-metallic-leather-heel-tab\\\/\",\"name\":\"Golden Goose Men's Super-Star LTD in suede with brown leather star and metallic leather heel tab - Golden-Outlet.de\",\"isPartOf\":{\"@id\":\"https:\\\/\\\/golden-outlet.de\\\/en\\\/#website\"},\"primaryImageOfPage\":{\"@id\":\"https:\\\/\\\/golden-outlet.de\\\/product\\\/golden-goose-mens-super-star-ltd-in-suede-with-brown-leather-star-and-metallic-leather-heel-tab\\\/#primaryimage\"},\"image\":{\"@id\":\"https:\\\/\\\/golden-outlet.de\\\/product\\\/golden-goose-mens-super-star-ltd-in-suede-with-brown-leather-star-and-metallic-leather-heel-tab\\\/#primaryimage\"},\"thumbnailUrl\":\"https:\\\/\\\/golden-outlet.de\\\/wp-content\\\/uploads\\\/2026\\\/05\\\/Mod-1_1.webp\",\"datePublished\":\"2026-05-06T14:43:21+00:00\",\"dateModified\":\"2026-05-08T07:10:07+00:00\",\"breadcrumb\":{\"@id\":\"https:\\\/\\\/golden-outlet.de\\\/product\\\/golden-goose-mens-super-star-ltd-in-suede-with-brown-leather-star-and-metallic-leather-heel-tab\\\/#breadcrumb\"},\"inLanguage\":\"en-US\",\"potentialAction\":[{\"@type\":\"ReadAction\",\"target\":[\"https:\\\/\\\/golden-outlet.de\\\/product\\\/golden-goose-mens-super-star-ltd-in-suede-with-brown-leather-star-and-metallic-leather-heel-tab\\\/\"]}]},{\"@type\":\"ImageObject\",\"inLanguage\":\"en-US\",\"@id\":\"https:\\\/\\\/golden-outlet.de\\\/product\\\/golden-goose-mens-super-star-ltd-in-suede-with-brown-leather-star-and-metallic-leather-heel-tab\\\/#primaryimage\",\"url\":\"https:\\\/\\\/golden-outlet.de\\\/wp-content\\\/uploads\\\/2026\\\/05\\\/Mod-1_1.webp\",\"contentUrl\":\"https:\\\/\\\/golden-outlet.de\\\/wp-content\\\/uploads\\\/2026\\\/05\\\/Mod-1_1.webp\",\"width\":1327,\"height\":1991},{\"@type\":\"BreadcrumbList\",\"@id\":\"https:\\\/\\\/golden-outlet.de\\\/product\\\/golden-goose-mens-super-star-ltd-in-suede-with-brown-leather-star-and-metallic-leather-heel-tab\\\/#breadcrumb\",\"itemListElement\":[{\"@type\":\"ListItem\",\"position\":1,\"name\":\"Home\",\"item\":\"https:\\\/\\\/golden-outlet.de\\\/\"},{\"@type\":\"ListItem\",\"position\":2,\"name\":\"Shop\",\"item\":\"https:\\\/\\\/golden-outlet.de\\\/shop\\\/\"},{\"@type\":\"ListItem\",\"position\":3,\"name\":\"Golden Goose Men&#8217;s Super-Star LTD in suede with brown leather star and metallic leather heel tab\"}]},{\"@type\":\"WebSite\",\"@id\":\"https:\\\/\\\/golden-outlet.de\\\/en\\\/#website\",\"url\":\"https:\\\/\\\/golden-outlet.de\\\/en\\\/\",\"name\":\"Golden-Outlet.de\",\"description\":\"\",\"publisher\":{\"@id\":\"https:\\\/\\\/golden-outlet.de\\\/en\\\/#organization\"},\"potentialAction\":[{\"@type\":\"SearchAction\",\"target\":{\"@type\":\"EntryPoint\",\"urlTemplate\":\"https:\\\/\\\/golden-outlet.de\\\/en\\\/?s={search_term_string}\"},\"query-input\":{\"@type\":\"PropertyValueSpecification\",\"valueRequired\":true,\"valueName\":\"search_term_string\"}}],\"inLanguage\":\"en-US\"},{\"@type\":\"Organization\",\"@id\":\"https:\\\/\\\/golden-outlet.de\\\/en\\\/#organization\",\"name\":\"Golden-Outlet.de\",\"url\":\"https:\\\/\\\/golden-outlet.de\\\/en\\\/\",\"logo\":{\"@type\":\"ImageObject\",\"inLanguage\":\"en-US\",\"@id\":\"https:\\\/\\\/golden-outlet.de\\\/en\\\/#\\\/schema\\\/logo\\\/image\\\/\",\"url\":\"https:\\\/\\\/golden-outlet.de\\\/wp-content\\\/uploads\\\/2023\\\/07\\\/Logo-GO-compress-0.png\",\"contentUrl\":\"https:\\\/\\\/golden-outlet.de\\\/wp-content\\\/uploads\\\/2023\\\/07\\\/Logo-GO-compress-0.png\",\"width\":1920,\"height\":252,\"caption\":\"Golden-Outlet.de\"},\"image\":{\"@id\":\"https:\\\/\\\/golden-outlet.de\\\/en\\\/#\\\/schema\\\/logo\\\/image\\\/\"},\"sameAs\":[\"https:\\\/\\\/www.facebook.com\\\/profile.php?id=100090911916931\",\"https:\\\/\\\/www.instagram.com\\\/golden_outlet.de\\\/\"]}]}<\/script>\n<!-- \/ Yoast SEO plugin. -->","yoast_head_json":{"title":"Golden Goose Men's Super-Star LTD in suede with brown leather star and metallic leather heel tab - Golden-Outlet.de","robots":{"index":"index","follow":"follow","max-snippet":"max-snippet:-1","max-image-preview":"max-image-preview:large","max-video-preview":"max-video-preview:-1"},"canonical":"https:\/\/golden-outlet.de\/en\/product\/golden-goose-mens-super-star-ltd-in-suede-with-brown-leather-star-and-metallic-leather-heel-tab\/","og_locale":"en_US","og_type":"article","og_title":"Golden Goose Men's Super-Star LTD in suede with brown leather star and metallic leather heel tab - Golden-Outlet.de","og_description":"Article Number: A7 \/ GG01 Made in Italy A timeless icon yet one that\u2019s constantly evolving. At Golden, we love taking our classics and reworking them all the time, always from a new angle. These men's Super-Star with a white suede upper feature a brown leather star, a metallic leather heel tab, and contrast lettering on the white rubber toe. The foxing insert and tongue in light gray suede and white laces add the finishing touch.  Size Chart \/ Gr\u00f6\u00dfentabelle Wichtiger Hinweis zur Gr\u00f6\u00dfe: Um die passende Gr\u00f6\u00dfe sicherzustellen, empfehlen wir dringend, die Gr\u00f6\u00dfentabelle mit einem Paar Schuhe zu vergleichen, das Ihnen bereits gut passt. Bitte messen Sie die Innensohlenl\u00e4nge in Millimetern und vergleichen Sie diese vor der Bestellung mit der Tabelle.    EU Size \/ EU Gr\u00f6\u00dfe Foot Length (mm) \/ Fu\u00dfl\u00e4nge (mm)     41 265 mm   42 270 mm   43 275 mm   44 280 mm   45 290 mm   46 295 mm      Original carton included  Perfect gift for any occasion      &nbsp;","og_url":"https:\/\/golden-outlet.de\/en\/product\/golden-goose-mens-super-star-ltd-in-suede-with-brown-leather-star-and-metallic-leather-heel-tab\/","og_site_name":"Golden-Outlet.de","article_publisher":"https:\/\/www.facebook.com\/profile.php?id=100090911916931","article_modified_time":"2026-05-08T07:10:07+00:00","og_image":[{"width":1327,"height":1991,"url":"https:\/\/golden-outlet.de\/wp-content\/uploads\/2026\/05\/Mod-1_1.webp","type":"image\/webp"}],"twitter_card":"summary_large_image","twitter_misc":{"Est. reading time":"1 minute"},"schema":{"@context":"https:\/\/schema.org","@graph":[{"@type":"WebPage","@id":"https:\/\/golden-outlet.de\/product\/golden-goose-mens-super-star-ltd-in-suede-with-brown-leather-star-and-metallic-leather-heel-tab\/","url":"https:\/\/golden-outlet.de\/product\/golden-goose-mens-super-star-ltd-in-suede-with-brown-leather-star-and-metallic-leather-heel-tab\/","name":"Golden Goose Men's Super-Star LTD in suede with brown leather star and metallic leather heel tab - Golden-Outlet.de","isPartOf":{"@id":"https:\/\/golden-outlet.de\/en\/#website"},"primaryImageOfPage":{"@id":"https:\/\/golden-outlet.de\/product\/golden-goose-mens-super-star-ltd-in-suede-with-brown-leather-star-and-metallic-leather-heel-tab\/#primaryimage"},"image":{"@id":"https:\/\/golden-outlet.de\/product\/golden-goose-mens-super-star-ltd-in-suede-with-brown-leather-star-and-metallic-leather-heel-tab\/#primaryimage"},"thumbnailUrl":"https:\/\/golden-outlet.de\/wp-content\/uploads\/2026\/05\/Mod-1_1.webp","datePublished":"2026-05-06T14:43:21+00:00","dateModified":"2026-05-08T07:10:07+00:00","breadcrumb":{"@id":"https:\/\/golden-outlet.de\/product\/golden-goose-mens-super-star-ltd-in-suede-with-brown-leather-star-and-metallic-leather-heel-tab\/#breadcrumb"},"inLanguage":"en-US","potentialAction":[{"@type":"ReadAction","target":["https:\/\/golden-outlet.de\/product\/golden-goose-mens-super-star-ltd-in-suede-with-brown-leather-star-and-metallic-leather-heel-tab\/"]}]},{"@type":"ImageObject","inLanguage":"en-US","@id":"https:\/\/golden-outlet.de\/product\/golden-goose-mens-super-star-ltd-in-suede-with-brown-leather-star-and-metallic-leather-heel-tab\/#primaryimage","url":"https:\/\/golden-outlet.de\/wp-content\/uploads\/2026\/05\/Mod-1_1.webp","contentUrl":"https:\/\/golden-outlet.de\/wp-content\/uploads\/2026\/05\/Mod-1_1.webp","width":1327,"height":1991},{"@type":"BreadcrumbList","@id":"https:\/\/golden-outlet.de\/product\/golden-goose-mens-super-star-ltd-in-suede-with-brown-leather-star-and-metallic-leather-heel-tab\/#breadcrumb","itemListElement":[{"@type":"ListItem","position":1,"name":"Home","item":"https:\/\/golden-outlet.de\/"},{"@type":"ListItem","position":2,"name":"Shop","item":"https:\/\/golden-outlet.de\/shop\/"},{"@type":"ListItem","position":3,"name":"Golden Goose Men&#8217;s Super-Star LTD in suede with brown leather star and metallic leather heel tab"}]},{"@type":"WebSite","@id":"https:\/\/golden-outlet.de\/en\/#website","url":"https:\/\/golden-outlet.de\/en\/","name":"Golden-Outlet.com","description":"","publisher":{"@id":"https:\/\/golden-outlet.de\/en\/#organization"},"potentialAction":[{"@type":"SearchAction","target":{"@type":"EntryPoint","urlTemplate":"https:\/\/golden-outlet.de\/en\/?s={search_term_string}"},"query-input":{"@type":"PropertyValueSpecification","valueRequired":true,"valueName":"search_term_string"}}],"inLanguage":"en-US"},{"@type":"Organization","@id":"https:\/\/golden-outlet.de\/en\/#organization","name":"Golden-Outlet.com","url":"https:\/\/golden-outlet.de\/en\/","logo":{"@type":"ImageObject","inLanguage":"en-US","@id":"https:\/\/golden-outlet.de\/en\/#\/schema\/logo\/image\/","url":"https:\/\/golden-outlet.de\/wp-content\/uploads\/2023\/07\/Logo-GO-compress-0.png","contentUrl":"https:\/\/golden-outlet.de\/wp-content\/uploads\/2023\/07\/Logo-GO-compress-0.png","width":1920,"height":252,"caption":"Golden-Outlet.de"},"image":{"@id":"https:\/\/golden-outlet.de\/en\/#\/schema\/logo\/image\/"},"sameAs":["https:\/\/www.facebook.com\/profile.php?id=100090911916931","https:\/\/www.instagram.com\/golden_outlet.de\/"]}]}},"_links":{"self":[{"href":"https:\/\/golden-outlet.de\/en\/wp-json\/wp\/v2\/product\/36321","targetHints":{"allow":["GET"]}}],"collection":[{"href":"https:\/\/golden-outlet.de\/en\/wp-json\/wp\/v2\/product"}],"about":[{"href":"https:\/\/golden-outlet.de\/en\/wp-json\/wp\/v2\/types\/product"}],"replies":[{"embeddable":true,"href":"https:\/\/golden-outlet.de\/en\/wp-json\/wp\/v2\/comments?post=36321"}],"version-history":[{"count":7,"href":"https:\/\/golden-outlet.de\/en\/wp-json\/wp\/v2\/product\/36321\/revisions"}],"predecessor-version":[{"id":45286,"href":"https:\/\/golden-outlet.de\/en\/wp-json\/wp\/v2\/product\/36321\/revisions\/45286"}],"wp:featuredmedia":[{"embeddable":true,"href":"https:\/\/golden-outlet.de\/en\/wp-json\/wp\/v2\/media\/45274"}],"wp:attachment":[{"href":"https:\/\/golden-outlet.de\/en\/wp-json\/wp\/v2\/media?parent=36321"}],"wp:term":[{"taxonomy":"product_brand","embeddable":true,"href":"https:\/\/golden-outlet.de\/en\/wp-json\/wp\/v2\/product_brand?post=36321"},{"taxonomy":"product_cat","embeddable":true,"href":"https:\/\/golden-outlet.de\/en\/wp-json\/wp\/v2\/product_cat?post=36321"},{"taxonomy":"product_tag","embeddable":true,"href":"https:\/\/golden-outlet.de\/en\/wp-json\/wp\/v2\/product_tag?post=36321"}],"curies":[{"name":"wp","href":"https:\/\/api.w.org\/{rel}","templated":true}]}}