{"id":41221,"date":"2026-02-22T20:31:30","date_gmt":"2026-02-22T06:31:30","guid":{"rendered":"https:\/\/golden-outlet.de\/?post_type=product&#038;p=41221"},"modified":"2026-03-23T11:21:54","modified_gmt":"2026-03-22T21:21:54","slug":"louis-vuitton-lv-trainer-sneaker-2","status":"publish","type":"product","link":"https:\/\/golden-outlet.de\/en\/product\/louis-vuitton-lv-trainer-sneaker-2\/","title":{"rendered":"Louis Vuitton LV Trainer Sneaker"},"content":{"rendered":"<p>In this interpretation, the LV Trainer sneaker is presented in grained calfskin leather with colorful metal elements, including an LV initial detail. This iconic shoe was originally designed by Virgil Abloh. A Louis Vuitton signature in script accentuates the side, while monogram flowers adorn the two-tone rubber outsole.<\/p>\n<div class=\"lv-product-detailed-features lv-product__detailed-features\">\n<div class=\"lv-product-detailed-features__description body-s\">\n<div class=\"popinContent\">\n<div class=\"lv-product-detailed-features lv-product__detailed-features\">\n<div class=\"lv-product-detailed-features__description body-s\">\n<ul>\n<li><span dir=\"auto\"><span dir=\"auto\">Orange<\/span><\/span><\/li>\n<li><span dir=\"auto\"><span dir=\"auto\">Grained calfskin<\/span><\/span><\/li>\n<li><span dir=\"auto\"><span dir=\"auto\">shoelaces<\/span><\/span><\/li>\n<li><span dir=\"auto\"><span dir=\"auto\">Characteristic details<\/span><\/span><\/li>\n<li><span dir=\"auto\"><span dir=\"auto\">Rubber outsole with monogram flowers<\/span><\/span><\/li>\n<li><span dir=\"auto\"><span dir=\"auto\">Made in Italy<\/span><\/span><\/li>\n<\/ul>\n<h3>Product care instructions:<\/h3>\n<div>\n<p><span dir=\"auto\">To maintain the quality of this model, we recommend that you follow these care instructions:<\/span><\/p>\n<\/div>\n<div>\n<ul>\n<li><span dir=\"auto\">Clean grained leather with a soft, damp cloth. Once the leather is dry, apply a high-quality, colorless shoe cream and work it in using a soft cloth in circular motions.<\/span><\/li>\n<li><span dir=\"auto\">The shoes should definitely be air-dried and ventilated. They have a removable insole for this purpose.<\/span><\/li>\n<li><span dir=\"auto\">If your sneakers get wet, simply remove the insole and let them dry in a cool, well-ventilated place. This will increase comfort the next time you wear them.<\/span><\/li>\n<li><span dir=\"auto\">Contact with water, alcohol-containing substances (such as perfume, solutions, etc.), oil-based products (make-up), and hard or rough surfaces should be avoided.<\/span><\/li>\n<li><span dir=\"auto\">If the shoes have come into contact with water, it is important to let them dry completely on shoe trees before cleaning.<\/span><\/li>\n<li><span dir=\"auto\">Please always use a shoehorn when putting on your shoes.<\/span><\/li>\n<li><span dir=\"auto\">Store your shoes in the two enclosed felt bags and keep them in a cool, dry and well-ventilated place.<\/span><\/li>\n<\/ul>\n<\/div>\n<div><\/div>\n<\/div>\n<\/div>\n<\/div>\n<\/div>\n<\/div>","protected":false},"excerpt":{"rendered":"<div style=\"text-align: center;\">\n<div style=\"text-align: center;\">\n<p><strong>Article Number: 1AHTGS<\/strong><\/p>\n<p style=\"text-align: center;\"><strong><span style=\"vertical-align: inherit;\">Made in Italy<\/span><\/strong><\/p>\n<p class=\"margin-bottom0\"><strong>In dieser Interpretation pr\u00e4sentiert sich der LV Trainer Sneaker aus genarbtem Kalbsleder sowie mit Elementen aus farbenfrohem Metall, darunter einem LV Initialen Detail. Dieser ikonische Schuh wurde urspr\u00fcnglich von Virgil Abloh entwickelt. Eine Louis Vuitton Signatur in Schreibschrift akzentuiert die Seite, w\u00e4hrend Monogram-Bl\u00fcten die zweifarbige Au\u00dfensohle aus Gummi zieren.<\/strong><\/p>\n<h2>Size Chart \/ Gr\u00f6\u00dfentabelle<\/h2>\n<table style=\"width: 100%; border-collapse: collapse; margin-bottom: 20px;\">\n<thead>\n<tr>\n<th style=\"background: #cfcfcf; color: #000; padding: 10px; text-align: left;\">EU Size \/ EU Gr\u00f6\u00dfe<\/th>\n<th style=\"background: #cfcfcf; color: #000; padding: 10px; text-align: left;\">Foot Length (mm) \/ Fu\u00dfl\u00e4nge (mm)<\/th>\n<\/tr>\n<\/thead>\n<tbody>\n<tr>\n<td style=\"background: #000; color: #fff; padding: 10px;\">41<\/td>\n<td style=\"background: #000; color: #fff; padding: 10px;\">265 mm<\/td>\n<\/tr>\n<tr>\n<td style=\"background: #000; color: #fff; padding: 10px;\">42<\/td>\n<td style=\"background: #000; color: #fff; padding: 10px;\">270 mm<\/td>\n<\/tr>\n<tr>\n<td style=\"background: #000; color: #fff; padding: 10px;\">42.5<\/td>\n<td style=\"background: #000; color: #fff; padding: 10px;\">275 mm<\/td>\n<\/tr>\n<tr>\n<td style=\"background: #000; color: #fff; padding: 10px;\">43<\/td>\n<td style=\"background: #000; color: #fff; padding: 10px;\">280 mm<\/td>\n<\/tr>\n<tr>\n<td style=\"background: #000; color: #fff; padding: 10px;\">44<\/td>\n<td style=\"background: #000; color: #fff; padding: 10px;\">285 mm<\/td>\n<\/tr>\n<tr>\n<td style=\"background: #000; color: #fff; padding: 10px;\">44.5<\/td>\n<td style=\"background: #000; color: #fff; padding: 10px;\">290 mm<\/td>\n<\/tr>\n<tr>\n<td style=\"background: #000; color: #fff; padding: 10px;\">45<\/td>\n<td style=\"background: #000; color: #fff; padding: 10px;\">295 mm<\/td>\n<\/tr>\n<tr>\n<td style=\"background: #000; color: #fff; padding: 10px;\">46<\/td>\n<td style=\"background: #000; color: #fff; padding: 10px;\">300 mm<\/td>\n<\/tr>\n<\/tbody>\n<\/table>\n<ul>\n<li>Original carton included<\/li>\n<li>Perfect gift for any occasion<\/li>\n<\/ul>\n<\/div>\n<p><img loading=\"lazy\" decoding=\"async\" class=\"alignnone size-full wp-image-20025\" src=\"https:\/\/golden-outlet.de\/wp-content\/uploads\/2024\/12\/LV-LOGO.webp\" alt=\"\" width=\"328\" height=\"72\" srcset=\"https:\/\/golden-outlet.de\/wp-content\/uploads\/2024\/12\/LV-LOGO.webp 328w, https:\/\/golden-outlet.de\/wp-content\/uploads\/2024\/12\/LV-LOGO-150x33.webp 150w, https:\/\/golden-outlet.de\/wp-content\/uploads\/2024\/12\/LV-LOGO-18x4.webp 18w\" sizes=\"auto, (max-width: 328px) 100vw, 328px\" \/><\/p>\n<\/div>\n<p>&nbsp;<\/p>","protected":false},"featured_media":41228,"comment_status":"open","ping_status":"closed","template":"","meta":[],"product_brand":[],"product_cat":[136,90,155,97,23],"product_tag":[],"class_list":{"0":"post-41221","1":"product","2":"type-product","3":"status-publish","4":"has-post-thumbnail","6":"product_cat-brands","7":"product_cat-men","8":"product_cat-louis-vuitton","9":"product_cat-new-arrivals","10":"product_cat-shoes","12":"first","13":"instock","14":"sale","15":"shipping-taxable","16":"purchasable","17":"product-type-variable"},"yoast_head":"<!-- This site is optimized with the Yoast SEO plugin v27.2 - https:\/\/yoast.com\/product\/yoast-seo-wordpress\/ -->\n<title>Louis Vuitton LV Trainer Sneaker - Golden-Outlet.de<\/title>\n<meta name=\"robots\" content=\"index, follow, max-snippet:-1, max-image-preview:large, max-video-preview:-1\" \/>\n<link rel=\"canonical\" href=\"https:\/\/golden-outlet.de\/en\/product\/louis-vuitton-lv-trainer-sneaker-2\/\" \/>\n<meta property=\"og:locale\" content=\"en_US\" \/>\n<meta property=\"og:type\" content=\"article\" \/>\n<meta property=\"og:title\" content=\"Louis Vuitton LV Trainer Sneaker - Golden-Outlet.de\" \/>\n<meta property=\"og:description\" content=\"Article Number: 1AHTGS Made in Italy In dieser Interpretation pr\u00e4sentiert sich der LV Trainer Sneaker aus genarbtem Kalbsleder sowie mit Elementen aus farbenfrohem Metall, darunter einem LV Initialen Detail. Dieser ikonische Schuh wurde urspr\u00fcnglich von Virgil Abloh entwickelt. Eine Louis Vuitton Signatur in Schreibschrift akzentuiert die Seite, w\u00e4hrend Monogram-Bl\u00fcten die zweifarbige Au\u00dfensohle aus Gummi zieren.  Size Chart \/ Gr\u00f6\u00dfentabelle    EU Size \/ EU Gr\u00f6\u00dfe Foot Length (mm) \/ Fu\u00dfl\u00e4nge (mm)     41 265 mm   42 270 mm   42.5 275 mm   43 280 mm   44 285 mm   44.5 290 mm   45 295 mm   46 300 mm      Original carton included  Perfect gift for any occasion      &nbsp;\" \/>\n<meta property=\"og:url\" content=\"https:\/\/golden-outlet.de\/en\/product\/louis-vuitton-lv-trainer-sneaker-2\/\" \/>\n<meta property=\"og:site_name\" content=\"Golden-Outlet.de\" \/>\n<meta property=\"article:publisher\" content=\"https:\/\/www.facebook.com\/profile.php?id=100090911916931\" \/>\n<meta property=\"article:modified_time\" content=\"2026-03-22T21:21:54+00:00\" \/>\n<meta property=\"og:image\" content=\"https:\/\/golden-outlet.de\/wp-content\/uploads\/2026\/01\/XXX-1AHTGS_2.webp\" \/>\n\t<meta property=\"og:image:width\" content=\"1706\" \/>\n\t<meta property=\"og:image:height\" content=\"2560\" \/>\n\t<meta property=\"og:image:type\" content=\"image\/webp\" \/>\n<meta name=\"twitter:card\" content=\"summary_large_image\" \/>\n<meta name=\"twitter:label1\" content=\"Est. reading time\" \/>\n\t<meta name=\"twitter:data1\" content=\"2 minutes\" \/>\n<script type=\"application\/ld+json\" class=\"yoast-schema-graph\">{\"@context\":\"https:\/\/schema.org\",\"@graph\":[{\"@type\":\"WebPage\",\"@id\":\"https:\/\/golden-outlet.de\/product\/louis-vuitton-lv-trainer-sneaker-2\/\",\"url\":\"https:\/\/golden-outlet.de\/product\/louis-vuitton-lv-trainer-sneaker-2\/\",\"name\":\"Louis Vuitton LV Trainer Sneaker - Golden-Outlet.de\",\"isPartOf\":{\"@id\":\"https:\/\/golden-outlet.de\/en\/#website\"},\"primaryImageOfPage\":{\"@id\":\"https:\/\/golden-outlet.de\/product\/louis-vuitton-lv-trainer-sneaker-2\/#primaryimage\"},\"image\":{\"@id\":\"https:\/\/golden-outlet.de\/product\/louis-vuitton-lv-trainer-sneaker-2\/#primaryimage\"},\"thumbnailUrl\":\"https:\/\/golden-outlet.de\/wp-content\/uploads\/2026\/01\/XXX-1AHTGS_2.webp\",\"datePublished\":\"2026-02-22T06:31:30+00:00\",\"dateModified\":\"2026-03-22T21:21:54+00:00\",\"breadcrumb\":{\"@id\":\"https:\/\/golden-outlet.de\/product\/louis-vuitton-lv-trainer-sneaker-2\/#breadcrumb\"},\"inLanguage\":\"en-US\",\"potentialAction\":[{\"@type\":\"ReadAction\",\"target\":[\"https:\/\/golden-outlet.de\/product\/louis-vuitton-lv-trainer-sneaker-2\/\"]}]},{\"@type\":\"ImageObject\",\"inLanguage\":\"en-US\",\"@id\":\"https:\/\/golden-outlet.de\/product\/louis-vuitton-lv-trainer-sneaker-2\/#primaryimage\",\"url\":\"https:\/\/golden-outlet.de\/wp-content\/uploads\/2026\/01\/XXX-1AHTGS_2.webp\",\"contentUrl\":\"https:\/\/golden-outlet.de\/wp-content\/uploads\/2026\/01\/XXX-1AHTGS_2.webp\",\"width\":1706,\"height\":2560},{\"@type\":\"BreadcrumbList\",\"@id\":\"https:\/\/golden-outlet.de\/product\/louis-vuitton-lv-trainer-sneaker-2\/#breadcrumb\",\"itemListElement\":[{\"@type\":\"ListItem\",\"position\":1,\"name\":\"Home\",\"item\":\"https:\/\/golden-outlet.de\/\"},{\"@type\":\"ListItem\",\"position\":2,\"name\":\"Shop\",\"item\":\"https:\/\/golden-outlet.de\/shop\/\"},{\"@type\":\"ListItem\",\"position\":3,\"name\":\"Louis Vuitton LV Trainer Sneaker\"}]},{\"@type\":\"WebSite\",\"@id\":\"https:\/\/golden-outlet.de\/en\/#website\",\"url\":\"https:\/\/golden-outlet.de\/en\/\",\"name\":\"Golden-Outlet.de\",\"description\":\"\",\"publisher\":{\"@id\":\"https:\/\/golden-outlet.de\/en\/#organization\"},\"potentialAction\":[{\"@type\":\"SearchAction\",\"target\":{\"@type\":\"EntryPoint\",\"urlTemplate\":\"https:\/\/golden-outlet.de\/en\/?s={search_term_string}\"},\"query-input\":{\"@type\":\"PropertyValueSpecification\",\"valueRequired\":true,\"valueName\":\"search_term_string\"}}],\"inLanguage\":\"en-US\"},{\"@type\":\"Organization\",\"@id\":\"https:\/\/golden-outlet.de\/en\/#organization\",\"name\":\"Golden-Outlet.de\",\"url\":\"https:\/\/golden-outlet.de\/en\/\",\"logo\":{\"@type\":\"ImageObject\",\"inLanguage\":\"en-US\",\"@id\":\"https:\/\/golden-outlet.de\/en\/#\/schema\/logo\/image\/\",\"url\":\"https:\/\/golden-outlet.de\/wp-content\/uploads\/2023\/07\/Logo-GO-compress-0.png\",\"contentUrl\":\"https:\/\/golden-outlet.de\/wp-content\/uploads\/2023\/07\/Logo-GO-compress-0.png\",\"width\":1920,\"height\":252,\"caption\":\"Golden-Outlet.de\"},\"image\":{\"@id\":\"https:\/\/golden-outlet.de\/en\/#\/schema\/logo\/image\/\"},\"sameAs\":[\"https:\/\/www.facebook.com\/profile.php?id=100090911916931\",\"https:\/\/www.instagram.com\/golden_outlet.de\/\"]}]}<\/script>\n<!-- \/ Yoast SEO plugin. -->","yoast_head_json":{"title":"Louis Vuitton LV Trainer Sneaker - Golden-Outlet.de","robots":{"index":"index","follow":"follow","max-snippet":"max-snippet:-1","max-image-preview":"max-image-preview:large","max-video-preview":"max-video-preview:-1"},"canonical":"https:\/\/golden-outlet.de\/en\/product\/louis-vuitton-lv-trainer-sneaker-2\/","og_locale":"en_US","og_type":"article","og_title":"Louis Vuitton LV Trainer Sneaker - Golden-Outlet.de","og_description":"Article Number: 1AHTGS Made in Italy In dieser Interpretation pr\u00e4sentiert sich der LV Trainer Sneaker aus genarbtem Kalbsleder sowie mit Elementen aus farbenfrohem Metall, darunter einem LV Initialen Detail. Dieser ikonische Schuh wurde urspr\u00fcnglich von Virgil Abloh entwickelt. Eine Louis Vuitton Signatur in Schreibschrift akzentuiert die Seite, w\u00e4hrend Monogram-Bl\u00fcten die zweifarbige Au\u00dfensohle aus Gummi zieren.  Size Chart \/ Gr\u00f6\u00dfentabelle    EU Size \/ EU Gr\u00f6\u00dfe Foot Length (mm) \/ Fu\u00dfl\u00e4nge (mm)     41 265 mm   42 270 mm   42.5 275 mm   43 280 mm   44 285 mm   44.5 290 mm   45 295 mm   46 300 mm      Original carton included  Perfect gift for any occasion      &nbsp;","og_url":"https:\/\/golden-outlet.de\/en\/product\/louis-vuitton-lv-trainer-sneaker-2\/","og_site_name":"Golden-Outlet.de","article_publisher":"https:\/\/www.facebook.com\/profile.php?id=100090911916931","article_modified_time":"2026-03-22T21:21:54+00:00","og_image":[{"width":1706,"height":2560,"url":"https:\/\/golden-outlet.de\/wp-content\/uploads\/2026\/01\/XXX-1AHTGS_2.webp","type":"image\/webp"}],"twitter_card":"summary_large_image","twitter_misc":{"Est. reading time":"2 minutes"},"schema":{"@context":"https:\/\/schema.org","@graph":[{"@type":"WebPage","@id":"https:\/\/golden-outlet.de\/product\/louis-vuitton-lv-trainer-sneaker-2\/","url":"https:\/\/golden-outlet.de\/product\/louis-vuitton-lv-trainer-sneaker-2\/","name":"Louis Vuitton LV Trainer Sneaker - Golden-Outlet.de","isPartOf":{"@id":"https:\/\/golden-outlet.de\/en\/#website"},"primaryImageOfPage":{"@id":"https:\/\/golden-outlet.de\/product\/louis-vuitton-lv-trainer-sneaker-2\/#primaryimage"},"image":{"@id":"https:\/\/golden-outlet.de\/product\/louis-vuitton-lv-trainer-sneaker-2\/#primaryimage"},"thumbnailUrl":"https:\/\/golden-outlet.de\/wp-content\/uploads\/2026\/01\/XXX-1AHTGS_2.webp","datePublished":"2026-02-22T06:31:30+00:00","dateModified":"2026-03-22T21:21:54+00:00","breadcrumb":{"@id":"https:\/\/golden-outlet.de\/product\/louis-vuitton-lv-trainer-sneaker-2\/#breadcrumb"},"inLanguage":"en-US","potentialAction":[{"@type":"ReadAction","target":["https:\/\/golden-outlet.de\/product\/louis-vuitton-lv-trainer-sneaker-2\/"]}]},{"@type":"ImageObject","inLanguage":"en-US","@id":"https:\/\/golden-outlet.de\/product\/louis-vuitton-lv-trainer-sneaker-2\/#primaryimage","url":"https:\/\/golden-outlet.de\/wp-content\/uploads\/2026\/01\/XXX-1AHTGS_2.webp","contentUrl":"https:\/\/golden-outlet.de\/wp-content\/uploads\/2026\/01\/XXX-1AHTGS_2.webp","width":1706,"height":2560},{"@type":"BreadcrumbList","@id":"https:\/\/golden-outlet.de\/product\/louis-vuitton-lv-trainer-sneaker-2\/#breadcrumb","itemListElement":[{"@type":"ListItem","position":1,"name":"Home","item":"https:\/\/golden-outlet.de\/"},{"@type":"ListItem","position":2,"name":"Shop","item":"https:\/\/golden-outlet.de\/shop\/"},{"@type":"ListItem","position":3,"name":"Louis Vuitton LV Trainer Sneaker"}]},{"@type":"WebSite","@id":"https:\/\/golden-outlet.de\/en\/#website","url":"https:\/\/golden-outlet.de\/en\/","name":"Golden-Outlet.com","description":"","publisher":{"@id":"https:\/\/golden-outlet.de\/en\/#organization"},"potentialAction":[{"@type":"SearchAction","target":{"@type":"EntryPoint","urlTemplate":"https:\/\/golden-outlet.de\/en\/?s={search_term_string}"},"query-input":{"@type":"PropertyValueSpecification","valueRequired":true,"valueName":"search_term_string"}}],"inLanguage":"en-US"},{"@type":"Organization","@id":"https:\/\/golden-outlet.de\/en\/#organization","name":"Golden-Outlet.com","url":"https:\/\/golden-outlet.de\/en\/","logo":{"@type":"ImageObject","inLanguage":"en-US","@id":"https:\/\/golden-outlet.de\/en\/#\/schema\/logo\/image\/","url":"https:\/\/golden-outlet.de\/wp-content\/uploads\/2023\/07\/Logo-GO-compress-0.png","contentUrl":"https:\/\/golden-outlet.de\/wp-content\/uploads\/2023\/07\/Logo-GO-compress-0.png","width":1920,"height":252,"caption":"Golden-Outlet.de"},"image":{"@id":"https:\/\/golden-outlet.de\/en\/#\/schema\/logo\/image\/"},"sameAs":["https:\/\/www.facebook.com\/profile.php?id=100090911916931","https:\/\/www.instagram.com\/golden_outlet.de\/"]}]}},"_links":{"self":[{"href":"https:\/\/golden-outlet.de\/en\/wp-json\/wp\/v2\/product\/41221","targetHints":{"allow":["GET"]}}],"collection":[{"href":"https:\/\/golden-outlet.de\/en\/wp-json\/wp\/v2\/product"}],"about":[{"href":"https:\/\/golden-outlet.de\/en\/wp-json\/wp\/v2\/types\/product"}],"replies":[{"embeddable":true,"href":"https:\/\/golden-outlet.de\/en\/wp-json\/wp\/v2\/comments?post=41221"}],"version-history":[{"count":4,"href":"https:\/\/golden-outlet.de\/en\/wp-json\/wp\/v2\/product\/41221\/revisions"}],"predecessor-version":[{"id":42288,"href":"https:\/\/golden-outlet.de\/en\/wp-json\/wp\/v2\/product\/41221\/revisions\/42288"}],"wp:featuredmedia":[{"embeddable":true,"href":"https:\/\/golden-outlet.de\/en\/wp-json\/wp\/v2\/media\/41228"}],"wp:attachment":[{"href":"https:\/\/golden-outlet.de\/en\/wp-json\/wp\/v2\/media?parent=41221"}],"wp:term":[{"taxonomy":"product_brand","embeddable":true,"href":"https:\/\/golden-outlet.de\/en\/wp-json\/wp\/v2\/product_brand?post=41221"},{"taxonomy":"product_cat","embeddable":true,"href":"https:\/\/golden-outlet.de\/en\/wp-json\/wp\/v2\/product_cat?post=41221"},{"taxonomy":"product_tag","embeddable":true,"href":"https:\/\/golden-outlet.de\/en\/wp-json\/wp\/v2\/product_tag?post=41221"}],"curies":[{"name":"wp","href":"https:\/\/api.w.org\/{rel}","templated":true}]}}