{"id":6429,"date":"2024-01-05T08:27:29","date_gmt":"2024-01-05T08:27:29","guid":{"rendered":"https:\/\/golden-outlet.de\/product\/icon-spray-cool-guy-denim-jeans-copy\/"},"modified":"2025-12-17T02:54:17","modified_gmt":"2025-12-16T12:54:17","slug":"one-life-cool-guy-jeans","status":"publish","type":"product","link":"https:\/\/golden-outlet.de\/en\/product\/one-life-cool-guy-jeans\/","title":{"rendered":"ONE LIFE COOL GUY JEANS"},"content":{"rendered":"<p>PRIM\u00c4RMATERIAL: 99 % BAUMWOLLE, 1 % ELASTHAN. TASCHENFUTTER: 65 % POLYESTER, 35 % BAUMWOLLE<\/p>\n<p>Das Model ist 188 cm gro\u00df und tr\u00e4gt Gr\u00f6\u00dfe 48.<\/p>","protected":false},"excerpt":{"rendered":"<div style=\"text-align: center\">\n<div style=\"text-align: center\">\n<div style=\"text-align: center\">\n<div style=\"text-align: center\">\n<p><strong>Opt for a laid-back vibe in these slim fit Cool Guy jeans. Features a mid blue wash with bleached areas and a contrasting DESQUARED2 One Life One Planet leather label on the back. Pair with a text print tee to complete the look.<\/strong><\/p>\n<p><strong>Artikelnummer: S78LB0071 S30827470<\/strong><br \/>\nJEANS AUS BIOBAUMWOLLDENIM MIT STRETCH<br \/>\nCROPPED-PASSFORM<br \/>\nFIVE-POCKET-STYLE<br \/>\nUSED-WASCHUNG<br \/>\nVERDECKTER KNOPFVERSCHLUSS<br \/>\nLOGO-ETIKETT AM HOSENSCHLITZ<br \/>\nSCHLAUFE HINTEN<br \/>\n\u201eONE LIFE ONE PLANET DSQUARED2\u201c-PATCH HINTEN<br \/>\n<strong>Made in Italy<\/strong><\/p>\n<\/div>\n<\/div>\n<div><img loading=\"lazy\" decoding=\"async\" class=\"wp-image-2036 aligncenter\" src=\"https:\/\/golden-outlet.de\/wp-content\/uploads\/2023\/07\/LOGO-DSQ-White.png\" alt=\"\" width=\"203\" height=\"26\" \/><\/div>\n<\/div>\n<\/div>","protected":false},"featured_media":6437,"comment_status":"open","ping_status":"closed","template":"","meta":[],"product_brand":[],"product_cat":[97],"product_tag":[],"class_list":{"0":"post-6429","1":"product","2":"type-product","3":"status-publish","4":"has-post-thumbnail","6":"product_cat-new-arrivals","8":"first","9":"outofstock","10":"shipping-taxable","11":"product-type-variable"},"yoast_head":"<!-- This site is optimized with the Yoast SEO plugin v27.2 - https:\/\/yoast.com\/product\/yoast-seo-wordpress\/ -->\n<title>ONE LIFE COOL GUY JEANS - Golden-Outlet.de<\/title>\n<meta name=\"robots\" content=\"index, follow, max-snippet:-1, max-image-preview:large, max-video-preview:-1\" \/>\n<link rel=\"canonical\" href=\"https:\/\/golden-outlet.de\/en\/product\/one-life-cool-guy-jeans\/\" \/>\n<meta property=\"og:locale\" content=\"en_US\" \/>\n<meta property=\"og:type\" content=\"article\" \/>\n<meta property=\"og:title\" content=\"ONE LIFE COOL GUY JEANS - Golden-Outlet.de\" \/>\n<meta property=\"og:description\" content=\"Opt for a laid-back vibe in these slim fit Cool Guy jeans. Features a mid blue wash with bleached areas and a contrasting DESQUARED2 One Life One Planet leather label on the back. Pair with a text print tee to complete the look. Artikelnummer: S78LB0071 S30827470 JEANS AUS BIOBAUMWOLLDENIM MIT STRETCH CROPPED-PASSFORM FIVE-POCKET-STYLE USED-WASCHUNG VERDECKTER KNOPFVERSCHLUSS LOGO-ETIKETT AM HOSENSCHLITZ SCHLAUFE HINTEN \u201eONE LIFE ONE PLANET DSQUARED2\u201c-PATCH HINTEN Hergestellt in Italien\" \/>\n<meta property=\"og:url\" content=\"https:\/\/golden-outlet.de\/en\/product\/one-life-cool-guy-jeans\/\" \/>\n<meta property=\"og:site_name\" content=\"Golden-Outlet.de\" \/>\n<meta property=\"article:publisher\" content=\"https:\/\/www.facebook.com\/profile.php?id=100090911916931\" \/>\n<meta property=\"article:modified_time\" content=\"2025-12-16T12:54:17+00:00\" \/>\n<meta property=\"og:image\" content=\"https:\/\/golden-outlet.de\/wp-content\/uploads\/2024\/01\/S78LB0071S30827470M.jpg\" \/>\n\t<meta property=\"og:image:width\" content=\"1333\" \/>\n\t<meta property=\"og:image:height\" content=\"2000\" \/>\n\t<meta property=\"og:image:type\" content=\"image\/jpeg\" \/>\n<meta name=\"twitter:card\" content=\"summary_large_image\" \/>\n<script type=\"application\/ld+json\" class=\"yoast-schema-graph\">{\"@context\":\"https:\/\/schema.org\",\"@graph\":[{\"@type\":\"WebPage\",\"@id\":\"https:\/\/golden-outlet.de\/product\/one-life-cool-guy-jeans\/\",\"url\":\"https:\/\/golden-outlet.de\/product\/one-life-cool-guy-jeans\/\",\"name\":\"ONE LIFE COOL GUY JEANS - Golden-Outlet.de\",\"isPartOf\":{\"@id\":\"https:\/\/golden-outlet.de\/en\/#website\"},\"primaryImageOfPage\":{\"@id\":\"https:\/\/golden-outlet.de\/product\/one-life-cool-guy-jeans\/#primaryimage\"},\"image\":{\"@id\":\"https:\/\/golden-outlet.de\/product\/one-life-cool-guy-jeans\/#primaryimage\"},\"thumbnailUrl\":\"https:\/\/golden-outlet.de\/wp-content\/uploads\/2024\/01\/S78LB0071S30827470M.jpg\",\"datePublished\":\"2024-01-05T08:27:29+00:00\",\"dateModified\":\"2025-12-16T12:54:17+00:00\",\"breadcrumb\":{\"@id\":\"https:\/\/golden-outlet.de\/product\/one-life-cool-guy-jeans\/#breadcrumb\"},\"inLanguage\":\"en-US\",\"potentialAction\":[{\"@type\":\"ReadAction\",\"target\":[\"https:\/\/golden-outlet.de\/product\/one-life-cool-guy-jeans\/\"]}]},{\"@type\":\"ImageObject\",\"inLanguage\":\"en-US\",\"@id\":\"https:\/\/golden-outlet.de\/product\/one-life-cool-guy-jeans\/#primaryimage\",\"url\":\"https:\/\/golden-outlet.de\/wp-content\/uploads\/2024\/01\/S78LB0071S30827470M.jpg\",\"contentUrl\":\"https:\/\/golden-outlet.de\/wp-content\/uploads\/2024\/01\/S78LB0071S30827470M.jpg\",\"width\":1333,\"height\":2000},{\"@type\":\"BreadcrumbList\",\"@id\":\"https:\/\/golden-outlet.de\/product\/one-life-cool-guy-jeans\/#breadcrumb\",\"itemListElement\":[{\"@type\":\"ListItem\",\"position\":1,\"name\":\"Home\",\"item\":\"https:\/\/golden-outlet.de\/\"},{\"@type\":\"ListItem\",\"position\":2,\"name\":\"Shop\",\"item\":\"https:\/\/golden-outlet.de\/shop\/\"},{\"@type\":\"ListItem\",\"position\":3,\"name\":\"ONE LIFE COOL GUY JEANS\"}]},{\"@type\":\"WebSite\",\"@id\":\"https:\/\/golden-outlet.de\/en\/#website\",\"url\":\"https:\/\/golden-outlet.de\/en\/\",\"name\":\"Golden-Outlet.de\",\"description\":\"\",\"publisher\":{\"@id\":\"https:\/\/golden-outlet.de\/en\/#organization\"},\"potentialAction\":[{\"@type\":\"SearchAction\",\"target\":{\"@type\":\"EntryPoint\",\"urlTemplate\":\"https:\/\/golden-outlet.de\/en\/?s={search_term_string}\"},\"query-input\":{\"@type\":\"PropertyValueSpecification\",\"valueRequired\":true,\"valueName\":\"search_term_string\"}}],\"inLanguage\":\"en-US\"},{\"@type\":\"Organization\",\"@id\":\"https:\/\/golden-outlet.de\/en\/#organization\",\"name\":\"Golden-Outlet.de\",\"url\":\"https:\/\/golden-outlet.de\/en\/\",\"logo\":{\"@type\":\"ImageObject\",\"inLanguage\":\"en-US\",\"@id\":\"https:\/\/golden-outlet.de\/en\/#\/schema\/logo\/image\/\",\"url\":\"https:\/\/golden-outlet.de\/wp-content\/uploads\/2023\/07\/Logo-GO-compress-0.png\",\"contentUrl\":\"https:\/\/golden-outlet.de\/wp-content\/uploads\/2023\/07\/Logo-GO-compress-0.png\",\"width\":1920,\"height\":252,\"caption\":\"Golden-Outlet.de\"},\"image\":{\"@id\":\"https:\/\/golden-outlet.de\/en\/#\/schema\/logo\/image\/\"},\"sameAs\":[\"https:\/\/www.facebook.com\/profile.php?id=100090911916931\",\"https:\/\/www.instagram.com\/golden_outlet.de\/\"]}]}<\/script>\n<!-- \/ Yoast SEO plugin. -->","yoast_head_json":{"title":"ONE LIFE COOL GUY JEANS - Golden-Outlet.de","robots":{"index":"index","follow":"follow","max-snippet":"max-snippet:-1","max-image-preview":"max-image-preview:large","max-video-preview":"max-video-preview:-1"},"canonical":"https:\/\/golden-outlet.de\/en\/product\/one-life-cool-guy-jeans\/","og_locale":"en_US","og_type":"article","og_title":"ONE LIFE COOL GUY JEANS - Golden-Outlet.de","og_description":"Opt for a laid-back vibe in these slim fit Cool Guy jeans. Features a mid blue wash with bleached areas and a contrasting DESQUARED2 One Life One Planet leather label on the back. Pair with a text print tee to complete the look. Artikelnummer: S78LB0071 S30827470 JEANS AUS BIOBAUMWOLLDENIM MIT STRETCH CROPPED-PASSFORM FIVE-POCKET-STYLE USED-WASCHUNG VERDECKTER KNOPFVERSCHLUSS LOGO-ETIKETT AM HOSENSCHLITZ SCHLAUFE HINTEN \u201eONE LIFE ONE PLANET DSQUARED2\u201c-PATCH HINTEN Hergestellt in Italien","og_url":"https:\/\/golden-outlet.de\/en\/product\/one-life-cool-guy-jeans\/","og_site_name":"Golden-Outlet.de","article_publisher":"https:\/\/www.facebook.com\/profile.php?id=100090911916931","article_modified_time":"2025-12-16T12:54:17+00:00","og_image":[{"width":1333,"height":2000,"url":"https:\/\/golden-outlet.de\/wp-content\/uploads\/2024\/01\/S78LB0071S30827470M.jpg","type":"image\/jpeg"}],"twitter_card":"summary_large_image","schema":{"@context":"https:\/\/schema.org","@graph":[{"@type":"WebPage","@id":"https:\/\/golden-outlet.de\/product\/one-life-cool-guy-jeans\/","url":"https:\/\/golden-outlet.de\/product\/one-life-cool-guy-jeans\/","name":"ONE LIFE COOL GUY JEANS - Golden-Outlet.de","isPartOf":{"@id":"https:\/\/golden-outlet.de\/en\/#website"},"primaryImageOfPage":{"@id":"https:\/\/golden-outlet.de\/product\/one-life-cool-guy-jeans\/#primaryimage"},"image":{"@id":"https:\/\/golden-outlet.de\/product\/one-life-cool-guy-jeans\/#primaryimage"},"thumbnailUrl":"https:\/\/golden-outlet.de\/wp-content\/uploads\/2024\/01\/S78LB0071S30827470M.jpg","datePublished":"2024-01-05T08:27:29+00:00","dateModified":"2025-12-16T12:54:17+00:00","breadcrumb":{"@id":"https:\/\/golden-outlet.de\/product\/one-life-cool-guy-jeans\/#breadcrumb"},"inLanguage":"en-US","potentialAction":[{"@type":"ReadAction","target":["https:\/\/golden-outlet.de\/product\/one-life-cool-guy-jeans\/"]}]},{"@type":"ImageObject","inLanguage":"en-US","@id":"https:\/\/golden-outlet.de\/product\/one-life-cool-guy-jeans\/#primaryimage","url":"https:\/\/golden-outlet.de\/wp-content\/uploads\/2024\/01\/S78LB0071S30827470M.jpg","contentUrl":"https:\/\/golden-outlet.de\/wp-content\/uploads\/2024\/01\/S78LB0071S30827470M.jpg","width":1333,"height":2000},{"@type":"BreadcrumbList","@id":"https:\/\/golden-outlet.de\/product\/one-life-cool-guy-jeans\/#breadcrumb","itemListElement":[{"@type":"ListItem","position":1,"name":"Home","item":"https:\/\/golden-outlet.de\/"},{"@type":"ListItem","position":2,"name":"Shop","item":"https:\/\/golden-outlet.de\/shop\/"},{"@type":"ListItem","position":3,"name":"ONE LIFE COOL GUY JEANS"}]},{"@type":"WebSite","@id":"https:\/\/golden-outlet.de\/en\/#website","url":"https:\/\/golden-outlet.de\/en\/","name":"Golden-Outlet.com","description":"","publisher":{"@id":"https:\/\/golden-outlet.de\/en\/#organization"},"potentialAction":[{"@type":"SearchAction","target":{"@type":"EntryPoint","urlTemplate":"https:\/\/golden-outlet.de\/en\/?s={search_term_string}"},"query-input":{"@type":"PropertyValueSpecification","valueRequired":true,"valueName":"search_term_string"}}],"inLanguage":"en-US"},{"@type":"Organization","@id":"https:\/\/golden-outlet.de\/en\/#organization","name":"Golden-Outlet.com","url":"https:\/\/golden-outlet.de\/en\/","logo":{"@type":"ImageObject","inLanguage":"en-US","@id":"https:\/\/golden-outlet.de\/en\/#\/schema\/logo\/image\/","url":"https:\/\/golden-outlet.de\/wp-content\/uploads\/2023\/07\/Logo-GO-compress-0.png","contentUrl":"https:\/\/golden-outlet.de\/wp-content\/uploads\/2023\/07\/Logo-GO-compress-0.png","width":1920,"height":252,"caption":"Golden-Outlet.de"},"image":{"@id":"https:\/\/golden-outlet.de\/en\/#\/schema\/logo\/image\/"},"sameAs":["https:\/\/www.facebook.com\/profile.php?id=100090911916931","https:\/\/www.instagram.com\/golden_outlet.de\/"]}]}},"_links":{"self":[{"href":"https:\/\/golden-outlet.de\/en\/wp-json\/wp\/v2\/product\/6429","targetHints":{"allow":["GET"]}}],"collection":[{"href":"https:\/\/golden-outlet.de\/en\/wp-json\/wp\/v2\/product"}],"about":[{"href":"https:\/\/golden-outlet.de\/en\/wp-json\/wp\/v2\/types\/product"}],"replies":[{"embeddable":true,"href":"https:\/\/golden-outlet.de\/en\/wp-json\/wp\/v2\/comments?post=6429"}],"version-history":[{"count":0,"href":"https:\/\/golden-outlet.de\/en\/wp-json\/wp\/v2\/product\/6429\/revisions"}],"wp:featuredmedia":[{"embeddable":true,"href":"https:\/\/golden-outlet.de\/en\/wp-json\/wp\/v2\/media\/6437"}],"wp:attachment":[{"href":"https:\/\/golden-outlet.de\/en\/wp-json\/wp\/v2\/media?parent=6429"}],"wp:term":[{"taxonomy":"product_brand","embeddable":true,"href":"https:\/\/golden-outlet.de\/en\/wp-json\/wp\/v2\/product_brand?post=6429"},{"taxonomy":"product_cat","embeddable":true,"href":"https:\/\/golden-outlet.de\/en\/wp-json\/wp\/v2\/product_cat?post=6429"},{"taxonomy":"product_tag","embeddable":true,"href":"https:\/\/golden-outlet.de\/en\/wp-json\/wp\/v2\/product_tag?post=6429"}],"curies":[{"name":"wp","href":"https:\/\/api.w.org\/{rel}","templated":true}]}}