{"id":6440,"date":"2025-08-31T13:47:05","date_gmt":"2025-08-31T13:47:05","guid":{"rendered":"https:\/\/golden-outlet.de\/product\/one-life-cool-guy-jeans-copy\/"},"modified":"2025-12-17T02:54:17","modified_gmt":"2025-12-16T12:54:17","slug":"dark-rinse-wash-slim-jeans","status":"publish","type":"product","link":"https:\/\/golden-outlet.de\/en\/product\/dark-rinse-wash-slim-jeans\/","title":{"rendered":"DARK RINSE WASH SLIM JEANS"},"content":{"rendered":"<p>HAUPTMATERIAL: 99 % BAUMWOLLE, 1 % ELASTHAN. TASCHENFUTTER: 65 % POLYESTER, 35 % BAUMWOLLE.<\/p>\n<p>Das Model ist 188 cm gro\u00df und tr\u00e4gt Gr\u00f6\u00dfe 48.<\/p>","protected":false},"excerpt":{"rendered":"<div style=\"text-align: center\">\n<div style=\"text-align: center\">\n<div style=\"text-align: center\">\n<div style=\"text-align: center\">\n<p><strong>Be the epitome of urban chic in these dark wash, 5-pocket denim jeans. A Dsquared2 red tag to the zipper and Dsquared2 logo above the back pocket bring authentic Dsquared2 styling. For an elegant look, just pair with a long-sleeved white shirt.<\/strong><\/p>\n<p><strong>Artikelnummer: S74LB1079 S30664470<\/strong><br \/>\nJEANS AUS STRETCH-DENIMBAUMWOLLE<br \/>\nSCHMALE PASSFORM<br \/>\nFIVE-POCKET-MODELL<br \/>\nKNOPFVERSCHLUSS<br \/>\n\u201eDSQUARED2\u201c-SCHRIFTZUG HINTEN<br \/>\n<strong>Made in Italy<\/strong><\/p>\n<\/div>\n<\/div>\n<div><img loading=\"lazy\" decoding=\"async\" class=\"wp-image-2036 aligncenter\" src=\"https:\/\/golden-outlet.de\/wp-content\/uploads\/2023\/07\/LOGO-DSQ-White.png\" alt=\"\" width=\"203\" height=\"26\" \/><\/div>\n<\/div>\n<\/div>","protected":false},"featured_media":6447,"comment_status":"open","ping_status":"closed","template":"","meta":[],"product_brand":[],"product_cat":[102,139,101,31],"product_tag":[],"class_list":{"0":"post-6440","1":"product","2":"type-product","3":"status-publish","4":"has-post-thumbnail","6":"product_cat-bestsellers","7":"product_cat-dsquared2","8":"product_cat-all","9":"product_cat-jeans","11":"first","12":"outofstock","13":"shipping-taxable","14":"product-type-variable"},"yoast_head":"<!-- This site is optimized with the Yoast SEO plugin v27.2 - https:\/\/yoast.com\/product\/yoast-seo-wordpress\/ -->\n<title>DARK RINSE WASH SLIM JEANS - Golden-Outlet.de<\/title>\n<meta name=\"robots\" content=\"index, follow, max-snippet:-1, max-image-preview:large, max-video-preview:-1\" \/>\n<link rel=\"canonical\" href=\"https:\/\/golden-outlet.de\/en\/product\/dark-rinse-wash-slim-jeans\/\" \/>\n<meta property=\"og:locale\" content=\"en_US\" \/>\n<meta property=\"og:type\" content=\"article\" \/>\n<meta property=\"og:title\" content=\"DARK RINSE WASH SLIM JEANS - Golden-Outlet.de\" \/>\n<meta property=\"og:description\" content=\"Be the epitome of urban chic in these dark wash, 5-pocket denim jeans. A Dsquared2 red tag to the zipper and Dsquared2 logo above the back pocket bring authentic Dsquared2 styling. For an elegant look, just pair with a long-sleeved white shirt. Artikelnummer: S74LB1079 S30664470 JEANS AUS STRETCH-DENIMBAUMWOLLE SCHMALE PASSFORM FIVE-POCKET-MODELL KNOPFVERSCHLUSS \u201eDSQUARED2\u201c-SCHRIFTZUG HINTEN Hergestellt in Italien\" \/>\n<meta property=\"og:url\" content=\"https:\/\/golden-outlet.de\/en\/product\/dark-rinse-wash-slim-jeans\/\" \/>\n<meta property=\"og:site_name\" content=\"Golden-Outlet.de\" \/>\n<meta property=\"article:publisher\" content=\"https:\/\/www.facebook.com\/profile.php?id=100090911916931\" \/>\n<meta property=\"article:modified_time\" content=\"2025-12-16T12:54:17+00:00\" \/>\n<meta property=\"og:image\" content=\"https:\/\/golden-outlet.de\/wp-content\/uploads\/2024\/01\/S74LB1079S30664470M.jpg\" \/>\n\t<meta property=\"og:image:width\" content=\"1333\" \/>\n\t<meta property=\"og:image:height\" content=\"2000\" \/>\n\t<meta property=\"og:image:type\" content=\"image\/jpeg\" \/>\n<meta name=\"twitter:card\" content=\"summary_large_image\" \/>\n<script type=\"application\/ld+json\" class=\"yoast-schema-graph\">{\"@context\":\"https:\/\/schema.org\",\"@graph\":[{\"@type\":\"WebPage\",\"@id\":\"https:\/\/golden-outlet.de\/product\/dark-rinse-wash-slim-jeans\/\",\"url\":\"https:\/\/golden-outlet.de\/product\/dark-rinse-wash-slim-jeans\/\",\"name\":\"DARK RINSE WASH SLIM JEANS - Golden-Outlet.de\",\"isPartOf\":{\"@id\":\"https:\/\/golden-outlet.de\/en\/#website\"},\"primaryImageOfPage\":{\"@id\":\"https:\/\/golden-outlet.de\/product\/dark-rinse-wash-slim-jeans\/#primaryimage\"},\"image\":{\"@id\":\"https:\/\/golden-outlet.de\/product\/dark-rinse-wash-slim-jeans\/#primaryimage\"},\"thumbnailUrl\":\"https:\/\/golden-outlet.de\/wp-content\/uploads\/2024\/01\/S74LB1079S30664470M.jpg\",\"datePublished\":\"2025-08-31T13:47:05+00:00\",\"dateModified\":\"2025-12-16T12:54:17+00:00\",\"breadcrumb\":{\"@id\":\"https:\/\/golden-outlet.de\/product\/dark-rinse-wash-slim-jeans\/#breadcrumb\"},\"inLanguage\":\"en-US\",\"potentialAction\":[{\"@type\":\"ReadAction\",\"target\":[\"https:\/\/golden-outlet.de\/product\/dark-rinse-wash-slim-jeans\/\"]}]},{\"@type\":\"ImageObject\",\"inLanguage\":\"en-US\",\"@id\":\"https:\/\/golden-outlet.de\/product\/dark-rinse-wash-slim-jeans\/#primaryimage\",\"url\":\"https:\/\/golden-outlet.de\/wp-content\/uploads\/2024\/01\/S74LB1079S30664470M.jpg\",\"contentUrl\":\"https:\/\/golden-outlet.de\/wp-content\/uploads\/2024\/01\/S74LB1079S30664470M.jpg\",\"width\":1333,\"height\":2000},{\"@type\":\"BreadcrumbList\",\"@id\":\"https:\/\/golden-outlet.de\/product\/dark-rinse-wash-slim-jeans\/#breadcrumb\",\"itemListElement\":[{\"@type\":\"ListItem\",\"position\":1,\"name\":\"Home\",\"item\":\"https:\/\/golden-outlet.de\/\"},{\"@type\":\"ListItem\",\"position\":2,\"name\":\"Shop\",\"item\":\"https:\/\/golden-outlet.de\/shop\/\"},{\"@type\":\"ListItem\",\"position\":3,\"name\":\"DARK RINSE WASH SLIM JEANS\"}]},{\"@type\":\"WebSite\",\"@id\":\"https:\/\/golden-outlet.de\/en\/#website\",\"url\":\"https:\/\/golden-outlet.de\/en\/\",\"name\":\"Golden-Outlet.de\",\"description\":\"\",\"publisher\":{\"@id\":\"https:\/\/golden-outlet.de\/en\/#organization\"},\"potentialAction\":[{\"@type\":\"SearchAction\",\"target\":{\"@type\":\"EntryPoint\",\"urlTemplate\":\"https:\/\/golden-outlet.de\/en\/?s={search_term_string}\"},\"query-input\":{\"@type\":\"PropertyValueSpecification\",\"valueRequired\":true,\"valueName\":\"search_term_string\"}}],\"inLanguage\":\"en-US\"},{\"@type\":\"Organization\",\"@id\":\"https:\/\/golden-outlet.de\/en\/#organization\",\"name\":\"Golden-Outlet.de\",\"url\":\"https:\/\/golden-outlet.de\/en\/\",\"logo\":{\"@type\":\"ImageObject\",\"inLanguage\":\"en-US\",\"@id\":\"https:\/\/golden-outlet.de\/en\/#\/schema\/logo\/image\/\",\"url\":\"https:\/\/golden-outlet.de\/wp-content\/uploads\/2023\/07\/Logo-GO-compress-0.png\",\"contentUrl\":\"https:\/\/golden-outlet.de\/wp-content\/uploads\/2023\/07\/Logo-GO-compress-0.png\",\"width\":1920,\"height\":252,\"caption\":\"Golden-Outlet.de\"},\"image\":{\"@id\":\"https:\/\/golden-outlet.de\/en\/#\/schema\/logo\/image\/\"},\"sameAs\":[\"https:\/\/www.facebook.com\/profile.php?id=100090911916931\",\"https:\/\/www.instagram.com\/golden_outlet.de\/\"]}]}<\/script>\n<!-- \/ Yoast SEO plugin. -->","yoast_head_json":{"title":"DARK RINSE WASH SLIM JEANS - Golden-Outlet.de","robots":{"index":"index","follow":"follow","max-snippet":"max-snippet:-1","max-image-preview":"max-image-preview:large","max-video-preview":"max-video-preview:-1"},"canonical":"https:\/\/golden-outlet.de\/en\/product\/dark-rinse-wash-slim-jeans\/","og_locale":"en_US","og_type":"article","og_title":"DARK RINSE WASH SLIM JEANS - Golden-Outlet.de","og_description":"Be the epitome of urban chic in these dark wash, 5-pocket denim jeans. A Dsquared2 red tag to the zipper and Dsquared2 logo above the back pocket bring authentic Dsquared2 styling. For an elegant look, just pair with a long-sleeved white shirt. Artikelnummer: S74LB1079 S30664470 JEANS AUS STRETCH-DENIMBAUMWOLLE SCHMALE PASSFORM FIVE-POCKET-MODELL KNOPFVERSCHLUSS \u201eDSQUARED2\u201c-SCHRIFTZUG HINTEN Hergestellt in Italien","og_url":"https:\/\/golden-outlet.de\/en\/product\/dark-rinse-wash-slim-jeans\/","og_site_name":"Golden-Outlet.de","article_publisher":"https:\/\/www.facebook.com\/profile.php?id=100090911916931","article_modified_time":"2025-12-16T12:54:17+00:00","og_image":[{"width":1333,"height":2000,"url":"https:\/\/golden-outlet.de\/wp-content\/uploads\/2024\/01\/S74LB1079S30664470M.jpg","type":"image\/jpeg"}],"twitter_card":"summary_large_image","schema":{"@context":"https:\/\/schema.org","@graph":[{"@type":"WebPage","@id":"https:\/\/golden-outlet.de\/product\/dark-rinse-wash-slim-jeans\/","url":"https:\/\/golden-outlet.de\/product\/dark-rinse-wash-slim-jeans\/","name":"DARK RINSE WASH SLIM JEANS - Golden-Outlet.de","isPartOf":{"@id":"https:\/\/golden-outlet.de\/en\/#website"},"primaryImageOfPage":{"@id":"https:\/\/golden-outlet.de\/product\/dark-rinse-wash-slim-jeans\/#primaryimage"},"image":{"@id":"https:\/\/golden-outlet.de\/product\/dark-rinse-wash-slim-jeans\/#primaryimage"},"thumbnailUrl":"https:\/\/golden-outlet.de\/wp-content\/uploads\/2024\/01\/S74LB1079S30664470M.jpg","datePublished":"2025-08-31T13:47:05+00:00","dateModified":"2025-12-16T12:54:17+00:00","breadcrumb":{"@id":"https:\/\/golden-outlet.de\/product\/dark-rinse-wash-slim-jeans\/#breadcrumb"},"inLanguage":"en-US","potentialAction":[{"@type":"ReadAction","target":["https:\/\/golden-outlet.de\/product\/dark-rinse-wash-slim-jeans\/"]}]},{"@type":"ImageObject","inLanguage":"en-US","@id":"https:\/\/golden-outlet.de\/product\/dark-rinse-wash-slim-jeans\/#primaryimage","url":"https:\/\/golden-outlet.de\/wp-content\/uploads\/2024\/01\/S74LB1079S30664470M.jpg","contentUrl":"https:\/\/golden-outlet.de\/wp-content\/uploads\/2024\/01\/S74LB1079S30664470M.jpg","width":1333,"height":2000},{"@type":"BreadcrumbList","@id":"https:\/\/golden-outlet.de\/product\/dark-rinse-wash-slim-jeans\/#breadcrumb","itemListElement":[{"@type":"ListItem","position":1,"name":"Home","item":"https:\/\/golden-outlet.de\/"},{"@type":"ListItem","position":2,"name":"Shop","item":"https:\/\/golden-outlet.de\/shop\/"},{"@type":"ListItem","position":3,"name":"DARK RINSE WASH SLIM JEANS"}]},{"@type":"WebSite","@id":"https:\/\/golden-outlet.de\/en\/#website","url":"https:\/\/golden-outlet.de\/en\/","name":"Golden-Outlet.com","description":"","publisher":{"@id":"https:\/\/golden-outlet.de\/en\/#organization"},"potentialAction":[{"@type":"SearchAction","target":{"@type":"EntryPoint","urlTemplate":"https:\/\/golden-outlet.de\/en\/?s={search_term_string}"},"query-input":{"@type":"PropertyValueSpecification","valueRequired":true,"valueName":"search_term_string"}}],"inLanguage":"en-US"},{"@type":"Organization","@id":"https:\/\/golden-outlet.de\/en\/#organization","name":"Golden-Outlet.com","url":"https:\/\/golden-outlet.de\/en\/","logo":{"@type":"ImageObject","inLanguage":"en-US","@id":"https:\/\/golden-outlet.de\/en\/#\/schema\/logo\/image\/","url":"https:\/\/golden-outlet.de\/wp-content\/uploads\/2023\/07\/Logo-GO-compress-0.png","contentUrl":"https:\/\/golden-outlet.de\/wp-content\/uploads\/2023\/07\/Logo-GO-compress-0.png","width":1920,"height":252,"caption":"Golden-Outlet.de"},"image":{"@id":"https:\/\/golden-outlet.de\/en\/#\/schema\/logo\/image\/"},"sameAs":["https:\/\/www.facebook.com\/profile.php?id=100090911916931","https:\/\/www.instagram.com\/golden_outlet.de\/"]}]}},"_links":{"self":[{"href":"https:\/\/golden-outlet.de\/en\/wp-json\/wp\/v2\/product\/6440","targetHints":{"allow":["GET"]}}],"collection":[{"href":"https:\/\/golden-outlet.de\/en\/wp-json\/wp\/v2\/product"}],"about":[{"href":"https:\/\/golden-outlet.de\/en\/wp-json\/wp\/v2\/types\/product"}],"replies":[{"embeddable":true,"href":"https:\/\/golden-outlet.de\/en\/wp-json\/wp\/v2\/comments?post=6440"}],"version-history":[{"count":5,"href":"https:\/\/golden-outlet.de\/en\/wp-json\/wp\/v2\/product\/6440\/revisions"}],"predecessor-version":[{"id":39925,"href":"https:\/\/golden-outlet.de\/en\/wp-json\/wp\/v2\/product\/6440\/revisions\/39925"}],"wp:featuredmedia":[{"embeddable":true,"href":"https:\/\/golden-outlet.de\/en\/wp-json\/wp\/v2\/media\/6447"}],"wp:attachment":[{"href":"https:\/\/golden-outlet.de\/en\/wp-json\/wp\/v2\/media?parent=6440"}],"wp:term":[{"taxonomy":"product_brand","embeddable":true,"href":"https:\/\/golden-outlet.de\/en\/wp-json\/wp\/v2\/product_brand?post=6440"},{"taxonomy":"product_cat","embeddable":true,"href":"https:\/\/golden-outlet.de\/en\/wp-json\/wp\/v2\/product_cat?post=6440"},{"taxonomy":"product_tag","embeddable":true,"href":"https:\/\/golden-outlet.de\/en\/wp-json\/wp\/v2\/product_tag?post=6440"}],"curies":[{"name":"wp","href":"https:\/\/api.w.org\/{rel}","templated":true}]}}