{"id":9779,"date":"2024-09-11T13:47:05","date_gmt":"2024-04-13T23:08:09","guid":{"rendered":"https:\/\/golden-outlet.de\/product\/fendi-logo-black-t-shirt-copy\/"},"modified":"2025-05-18T13:03:53","modified_gmt":"2025-05-18T13:03:53","slug":"fendi-shadow-tee","status":"publish","type":"product","link":"https:\/\/golden-outlet.de\/en\/product\/fendi-shadow-tee\/","title":{"rendered":"Fendi Shadow Tee"},"content":{"rendered":"<p><strong>B-goods for luxury brands<\/strong><\/p>\n<p>Due to the strict quality standards of some luxury brands, some garments do not pass the quality check, but this does not mean that they do not meet the highest standards. B-goods refers to products that may have some minor defects but are not visible to the naked eye and have NO obvious flaws. These products are still of high quality and offer a great opportunity to purchase high quality clothing at a lower price.<\/p>\n<hr \/>\n<p><strong>B-Grade at Luxury Brands<\/strong><\/p>\n<p>Due to the stringent quality standards of some luxury brands, some clothing items may not pass the quality check. However, this does not mean they do not meet the highest standards. B-Grade refers to products that may have minor imperfections that are not visible to the naked eye and have NO obvious flaws. These products are still of high quality and provide an excellent opportunity to acquire premium clothing at a more affordable price.<\/p>","protected":false},"excerpt":{"rendered":"<div style=\"text-align: center;\">\n<div style=\"text-align: center;\">\n<div style=\"text-align: center;\">\n<div style=\"text-align: center;\">\n<p><strong>Short-sleeved crew-neck oversized T-shirt. Made of black cotton. Customised with matching oversized Fendi Shadow motif embroidered on the front.<\/strong><\/p>\n<p><strong>Item number:<\/strong> FY0936APM3F0QA1<br \/>\n<strong>Fit:<\/strong> Regular Fit<br \/>\n<strong>Care instructions:<\/strong> Hand wash<br \/>\n<strong>Fit:<\/strong> Fits true to size, take your normal size<\/p>\n<p><strong>Made in Italy<\/strong><\/p>\n<\/div>\n<\/div>\n<div><\/div>\n<\/div>\n<\/div>","protected":false},"featured_media":9786,"comment_status":"open","ping_status":"closed","template":"","meta":[],"product_brand":[],"product_cat":[101,137,90,18],"product_tag":[],"class_list":{"0":"post-9779","1":"product","2":"type-product","3":"status-publish","4":"has-post-thumbnail","6":"product_cat-all","7":"product_cat-fendi","8":"product_cat-men","9":"product_cat-t-shirts","11":"first","12":"outofstock","13":"shipping-taxable","14":"product-type-variable"},"yoast_head":"<!-- This site is optimized with the Yoast SEO plugin v27.2 - https:\/\/yoast.com\/product\/yoast-seo-wordpress\/ -->\n<title>Fendi Shadow Tee - Golden-Outlet.de<\/title>\n<meta name=\"robots\" content=\"index, follow, max-snippet:-1, max-image-preview:large, max-video-preview:-1\" \/>\n<link rel=\"canonical\" href=\"https:\/\/golden-outlet.de\/en\/product\/fendi-shadow-tee\/\" \/>\n<meta property=\"og:locale\" content=\"en_US\" \/>\n<meta property=\"og:type\" content=\"article\" \/>\n<meta property=\"og:title\" content=\"Fendi Shadow Tee - Golden-Outlet.de\" \/>\n<meta property=\"og:description\" content=\"Short-sleeved crew-neck oversized T-shirt. Made of black cotton. Customised with matching oversized Fendi Shadow motif embroidered on the front. Artikelnummer: FY0936APM3F0QA1 Fit: Regular Fit Pflegehinweise: Handw\u00e4sche Passform: Passt der Gr\u00f6\u00dfe entsprechend, nehmen Sie Ihre normale Gr\u00f6\u00dfe Hergestellt in Italien\" \/>\n<meta property=\"og:url\" content=\"https:\/\/golden-outlet.de\/en\/product\/fendi-shadow-tee\/\" \/>\n<meta property=\"og:site_name\" content=\"Golden-Outlet.de\" \/>\n<meta property=\"article:publisher\" content=\"https:\/\/www.facebook.com\/profile.php?id=100090911916931\" \/>\n<meta property=\"article:modified_time\" content=\"2025-05-18T13:03:53+00:00\" \/>\n<meta property=\"og:image\" content=\"https:\/\/golden-outlet.de\/wp-content\/uploads\/2024\/04\/FY0936APM3F0QA1_1.jpeg\" \/>\n\t<meta property=\"og:image:width\" content=\"751\" \/>\n\t<meta property=\"og:image:height\" content=\"1127\" \/>\n\t<meta property=\"og:image:type\" content=\"image\/jpeg\" \/>\n<meta name=\"twitter:card\" content=\"summary_large_image\" \/>\n<meta name=\"twitter:label1\" content=\"Est. reading time\" \/>\n\t<meta name=\"twitter:data1\" content=\"1 minute\" \/>\n<script type=\"application\/ld+json\" class=\"yoast-schema-graph\">{\"@context\":\"https:\/\/schema.org\",\"@graph\":[{\"@type\":\"WebPage\",\"@id\":\"https:\/\/golden-outlet.de\/product\/fendi-shadow-tee\/\",\"url\":\"https:\/\/golden-outlet.de\/product\/fendi-shadow-tee\/\",\"name\":\"Fendi Shadow Tee - Golden-Outlet.de\",\"isPartOf\":{\"@id\":\"https:\/\/golden-outlet.de\/en\/#website\"},\"primaryImageOfPage\":{\"@id\":\"https:\/\/golden-outlet.de\/product\/fendi-shadow-tee\/#primaryimage\"},\"image\":{\"@id\":\"https:\/\/golden-outlet.de\/product\/fendi-shadow-tee\/#primaryimage\"},\"thumbnailUrl\":\"https:\/\/golden-outlet.de\/wp-content\/uploads\/2024\/04\/FY0936APM3F0QA1_1.jpeg\",\"datePublished\":\"2024-04-13T23:08:09+00:00\",\"dateModified\":\"2025-05-18T13:03:53+00:00\",\"breadcrumb\":{\"@id\":\"https:\/\/golden-outlet.de\/product\/fendi-shadow-tee\/#breadcrumb\"},\"inLanguage\":\"en-US\",\"potentialAction\":[{\"@type\":\"ReadAction\",\"target\":[\"https:\/\/golden-outlet.de\/product\/fendi-shadow-tee\/\"]}]},{\"@type\":\"ImageObject\",\"inLanguage\":\"en-US\",\"@id\":\"https:\/\/golden-outlet.de\/product\/fendi-shadow-tee\/#primaryimage\",\"url\":\"https:\/\/golden-outlet.de\/wp-content\/uploads\/2024\/04\/FY0936APM3F0QA1_1.jpeg\",\"contentUrl\":\"https:\/\/golden-outlet.de\/wp-content\/uploads\/2024\/04\/FY0936APM3F0QA1_1.jpeg\",\"width\":751,\"height\":1127},{\"@type\":\"BreadcrumbList\",\"@id\":\"https:\/\/golden-outlet.de\/product\/fendi-shadow-tee\/#breadcrumb\",\"itemListElement\":[{\"@type\":\"ListItem\",\"position\":1,\"name\":\"Home\",\"item\":\"https:\/\/golden-outlet.de\/\"},{\"@type\":\"ListItem\",\"position\":2,\"name\":\"Shop\",\"item\":\"https:\/\/golden-outlet.de\/shop\/\"},{\"@type\":\"ListItem\",\"position\":3,\"name\":\"Fendi Shadow Tee\"}]},{\"@type\":\"WebSite\",\"@id\":\"https:\/\/golden-outlet.de\/en\/#website\",\"url\":\"https:\/\/golden-outlet.de\/en\/\",\"name\":\"Golden-Outlet.de\",\"description\":\"\",\"publisher\":{\"@id\":\"https:\/\/golden-outlet.de\/en\/#organization\"},\"potentialAction\":[{\"@type\":\"SearchAction\",\"target\":{\"@type\":\"EntryPoint\",\"urlTemplate\":\"https:\/\/golden-outlet.de\/en\/?s={search_term_string}\"},\"query-input\":{\"@type\":\"PropertyValueSpecification\",\"valueRequired\":true,\"valueName\":\"search_term_string\"}}],\"inLanguage\":\"en-US\"},{\"@type\":\"Organization\",\"@id\":\"https:\/\/golden-outlet.de\/en\/#organization\",\"name\":\"Golden-Outlet.de\",\"url\":\"https:\/\/golden-outlet.de\/en\/\",\"logo\":{\"@type\":\"ImageObject\",\"inLanguage\":\"en-US\",\"@id\":\"https:\/\/golden-outlet.de\/en\/#\/schema\/logo\/image\/\",\"url\":\"https:\/\/golden-outlet.de\/wp-content\/uploads\/2023\/07\/Logo-GO-compress-0.png\",\"contentUrl\":\"https:\/\/golden-outlet.de\/wp-content\/uploads\/2023\/07\/Logo-GO-compress-0.png\",\"width\":1920,\"height\":252,\"caption\":\"Golden-Outlet.de\"},\"image\":{\"@id\":\"https:\/\/golden-outlet.de\/en\/#\/schema\/logo\/image\/\"},\"sameAs\":[\"https:\/\/www.facebook.com\/profile.php?id=100090911916931\",\"https:\/\/www.instagram.com\/golden_outlet.de\/\"]}]}<\/script>\n<!-- \/ Yoast SEO plugin. -->","yoast_head_json":{"title":"Fendi Shadow Tee - Golden-Outlet.de","robots":{"index":"index","follow":"follow","max-snippet":"max-snippet:-1","max-image-preview":"max-image-preview:large","max-video-preview":"max-video-preview:-1"},"canonical":"https:\/\/golden-outlet.de\/en\/product\/fendi-shadow-tee\/","og_locale":"en_US","og_type":"article","og_title":"Fendi Shadow Tee - Golden-Outlet.de","og_description":"Short-sleeved crew-neck oversized T-shirt. Made of black cotton. Customised with matching oversized Fendi Shadow motif embroidered on the front. Artikelnummer: FY0936APM3F0QA1 Fit: Regular Fit Pflegehinweise: Handw\u00e4sche Passform: Passt der Gr\u00f6\u00dfe entsprechend, nehmen Sie Ihre normale Gr\u00f6\u00dfe Hergestellt in Italien","og_url":"https:\/\/golden-outlet.de\/en\/product\/fendi-shadow-tee\/","og_site_name":"Golden-Outlet.de","article_publisher":"https:\/\/www.facebook.com\/profile.php?id=100090911916931","article_modified_time":"2025-05-18T13:03:53+00:00","og_image":[{"width":751,"height":1127,"url":"https:\/\/golden-outlet.de\/wp-content\/uploads\/2024\/04\/FY0936APM3F0QA1_1.jpeg","type":"image\/jpeg"}],"twitter_card":"summary_large_image","twitter_misc":{"Est. reading time":"1 minute"},"schema":{"@context":"https:\/\/schema.org","@graph":[{"@type":"WebPage","@id":"https:\/\/golden-outlet.de\/product\/fendi-shadow-tee\/","url":"https:\/\/golden-outlet.de\/product\/fendi-shadow-tee\/","name":"Fendi Shadow Tee - Golden-Outlet.de","isPartOf":{"@id":"https:\/\/golden-outlet.de\/en\/#website"},"primaryImageOfPage":{"@id":"https:\/\/golden-outlet.de\/product\/fendi-shadow-tee\/#primaryimage"},"image":{"@id":"https:\/\/golden-outlet.de\/product\/fendi-shadow-tee\/#primaryimage"},"thumbnailUrl":"https:\/\/golden-outlet.de\/wp-content\/uploads\/2024\/04\/FY0936APM3F0QA1_1.jpeg","datePublished":"2024-04-13T23:08:09+00:00","dateModified":"2025-05-18T13:03:53+00:00","breadcrumb":{"@id":"https:\/\/golden-outlet.de\/product\/fendi-shadow-tee\/#breadcrumb"},"inLanguage":"en-US","potentialAction":[{"@type":"ReadAction","target":["https:\/\/golden-outlet.de\/product\/fendi-shadow-tee\/"]}]},{"@type":"ImageObject","inLanguage":"en-US","@id":"https:\/\/golden-outlet.de\/product\/fendi-shadow-tee\/#primaryimage","url":"https:\/\/golden-outlet.de\/wp-content\/uploads\/2024\/04\/FY0936APM3F0QA1_1.jpeg","contentUrl":"https:\/\/golden-outlet.de\/wp-content\/uploads\/2024\/04\/FY0936APM3F0QA1_1.jpeg","width":751,"height":1127},{"@type":"BreadcrumbList","@id":"https:\/\/golden-outlet.de\/product\/fendi-shadow-tee\/#breadcrumb","itemListElement":[{"@type":"ListItem","position":1,"name":"Home","item":"https:\/\/golden-outlet.de\/"},{"@type":"ListItem","position":2,"name":"Shop","item":"https:\/\/golden-outlet.de\/shop\/"},{"@type":"ListItem","position":3,"name":"Fendi Shadow Tee"}]},{"@type":"WebSite","@id":"https:\/\/golden-outlet.de\/en\/#website","url":"https:\/\/golden-outlet.de\/en\/","name":"Golden-Outlet.com","description":"","publisher":{"@id":"https:\/\/golden-outlet.de\/en\/#organization"},"potentialAction":[{"@type":"SearchAction","target":{"@type":"EntryPoint","urlTemplate":"https:\/\/golden-outlet.de\/en\/?s={search_term_string}"},"query-input":{"@type":"PropertyValueSpecification","valueRequired":true,"valueName":"search_term_string"}}],"inLanguage":"en-US"},{"@type":"Organization","@id":"https:\/\/golden-outlet.de\/en\/#organization","name":"Golden-Outlet.com","url":"https:\/\/golden-outlet.de\/en\/","logo":{"@type":"ImageObject","inLanguage":"en-US","@id":"https:\/\/golden-outlet.de\/en\/#\/schema\/logo\/image\/","url":"https:\/\/golden-outlet.de\/wp-content\/uploads\/2023\/07\/Logo-GO-compress-0.png","contentUrl":"https:\/\/golden-outlet.de\/wp-content\/uploads\/2023\/07\/Logo-GO-compress-0.png","width":1920,"height":252,"caption":"Golden-Outlet.de"},"image":{"@id":"https:\/\/golden-outlet.de\/en\/#\/schema\/logo\/image\/"},"sameAs":["https:\/\/www.facebook.com\/profile.php?id=100090911916931","https:\/\/www.instagram.com\/golden_outlet.de\/"]}]}},"_links":{"self":[{"href":"https:\/\/golden-outlet.de\/en\/wp-json\/wp\/v2\/product\/9779","targetHints":{"allow":["GET"]}}],"collection":[{"href":"https:\/\/golden-outlet.de\/en\/wp-json\/wp\/v2\/product"}],"about":[{"href":"https:\/\/golden-outlet.de\/en\/wp-json\/wp\/v2\/types\/product"}],"replies":[{"embeddable":true,"href":"https:\/\/golden-outlet.de\/en\/wp-json\/wp\/v2\/comments?post=9779"}],"version-history":[{"count":2,"href":"https:\/\/golden-outlet.de\/en\/wp-json\/wp\/v2\/product\/9779\/revisions"}],"predecessor-version":[{"id":9790,"href":"https:\/\/golden-outlet.de\/en\/wp-json\/wp\/v2\/product\/9779\/revisions\/9790"}],"wp:featuredmedia":[{"embeddable":true,"href":"https:\/\/golden-outlet.de\/en\/wp-json\/wp\/v2\/media\/9786"}],"wp:attachment":[{"href":"https:\/\/golden-outlet.de\/en\/wp-json\/wp\/v2\/media?parent=9779"}],"wp:term":[{"taxonomy":"product_brand","embeddable":true,"href":"https:\/\/golden-outlet.de\/en\/wp-json\/wp\/v2\/product_brand?post=9779"},{"taxonomy":"product_cat","embeddable":true,"href":"https:\/\/golden-outlet.de\/en\/wp-json\/wp\/v2\/product_cat?post=9779"},{"taxonomy":"product_tag","embeddable":true,"href":"https:\/\/golden-outlet.de\/en\/wp-json\/wp\/v2\/product_tag?post=9779"}],"curies":[{"name":"wp","href":"https:\/\/api.w.org\/{rel}","templated":true}]}}